{"id":6222,"date":"2026-04-29T12:24:29","date_gmt":"2026-04-29T15:24:29","guid":{"rendered":"https:\/\/www.guigaaviamentos.com.br\/loja\/?post_type=product&#038;p=6222"},"modified":"2026-04-29T12:24:29","modified_gmt":"2026-04-29T15:24:29","slug":"ziper-invisivel-fixo-50cm","status":"publish","type":"product","link":"https:\/\/www.guigaaviamentos.com.br\/loja\/produto\/ziper-invisivel-fixo-50cm\/","title":{"rendered":"Z\u00edper Invis\u00edvel Fixo 50cm"},"content":{"rendered":"<p>O z\u00edper invis\u00edvel \u00e9 utilizado para as mais diversas aplica\u00e7\u00f5es, como cal\u00e7as de alfaiataria, necessaires, almofadas, vestidos, saias, entre outros&#8230; garantindo um acabamento discreto e fino.<\/p>\n","protected":false},"excerpt":{"rendered":"<p>O z\u00edper invis\u00edvel \u00e9 utilizado para as mais diversas aplica\u00e7\u00f5es, como cal\u00e7as de alfaiataria, necessaires, almofadas, vestidos, saias, entre outros&#8230; garantindo um acabamento discreto e fino.<\/p>\n","protected":false},"featured_media":6220,"template":"","meta":[],"product_brand":[],"product_cat":[15],"product_tag":[1405,1768,973,1769],"class_list":{"0":"post-6222","1":"product","2":"type-product","3":"status-publish","4":"has-post-thumbnail","6":"product_cat-ziper","7":"product_tag-invisivel","8":"product_tag-rubinho","9":"product_tag-ziper","10":"product_tag-zr","12":"first","13":"instock","14":"shipping-taxable","15":"purchasable","16":"product-type-variable"},"_links":{"self":[{"href":"https:\/\/www.guigaaviamentos.com.br\/loja\/wp-json\/wp\/v2\/product\/6222","targetHints":{"allow":["GET"]}}],"collection":[{"href":"https:\/\/www.guigaaviamentos.com.br\/loja\/wp-json\/wp\/v2\/product"}],"about":[{"href":"https:\/\/www.guigaaviamentos.com.br\/loja\/wp-json\/wp\/v2\/types\/product"}],"wp:featuredmedia":[{"embeddable":true,"href":"https:\/\/www.guigaaviamentos.com.br\/loja\/wp-json\/wp\/v2\/media\/6220"}],"wp:attachment":[{"href":"https:\/\/www.guigaaviamentos.com.br\/loja\/wp-json\/wp\/v2\/media?parent=6222"}],"wp:term":[{"taxonomy":"product_brand","embeddable":true,"href":"https:\/\/www.guigaaviamentos.com.br\/loja\/wp-json\/wp\/v2\/product_brand?post=6222"},{"taxonomy":"product_cat","embeddable":true,"href":"https:\/\/www.guigaaviamentos.com.br\/loja\/wp-json\/wp\/v2\/product_cat?post=6222"},{"taxonomy":"product_tag","embeddable":true,"href":"https:\/\/www.guigaaviamentos.com.br\/loja\/wp-json\/wp\/v2\/product_tag?post=6222"}],"curies":[{"name":"wp","href":"https:\/\/api.w.org\/{rel}","templated":true}]}}