{"id":6084,"date":"2026-04-13T11:06:10","date_gmt":"2026-04-13T14:06:10","guid":{"rendered":"https:\/\/www.guigaaviamentos.com.br\/loja\/?post_type=product&#038;p=6084"},"modified":"2026-04-13T11:06:11","modified_gmt":"2026-04-13T14:06:11","slug":"passamanaria-fita-galao-sao-jose-9mm-7095-artesanato-bordado-personalizados-luxo","status":"publish","type":"product","link":"https:\/\/www.guigaaviamentos.com.br\/loja\/produto\/passamanaria-fita-galao-sao-jose-9mm-7095-artesanato-bordado-personalizados-luxo\/","title":{"rendered":"Passamanaria Fita Gal\u00e3o S\u00e3o Jos\u00e9 9mm 7095 &#8211; Artesanato Bordado Personalizados Luxo"},"content":{"rendered":"<p>\ud83c\udf1f Passamanaria Gal\u00e3o Curva &#8211; Acabamento de Luxo (V\u00e1rias Cores)\ud83c\udf1f<\/p>\n<p>Eleve o n\u00edvel das suas cria\u00e7\u00f5es com a nossa Passamanaria Gal\u00e3o em formato de ondas\/curvas . Este aviamento \u00e9 o toque de sofistica\u00e7\u00e3o que faltava para transformar pe\u00e7as simples em itens exclusivos de alto padr\u00e3o, e com a qualidade que somente a marca S\u00e3o Jos\u00e9 oferece. Com um design cl\u00e1ssico e textura impec\u00e1vel, esta fita oferece um relevo elegante que valoriza o contorno de qualquer trabalho manual.<\/p>\n<p>\ud83e\uddf5Cores Vibrantes: Pigmenta\u00e7\u00e3o intensa que n\u00e3o desbota, ideal para composi\u00e7\u00f5es coloridas e alegres.<\/p>\n<p>\ud83e\uddf5Design Anat\u00f4mico: O formato em curvas permite excelente maleabilidade, facilitando a aplica\u00e7\u00e3o em golas, punhos e bordas arredondadas.<\/p>\n<p>\ud83e\uddf5Versatilidade Total: Perfeita para costura criativa, customiza\u00e7\u00e3o de roupas, enxovais de luxo, decora\u00e7\u00e3o de festas (scrapluxo) e artigos de mesa posta.<\/p>\n<p>\ud83e\uddf5Toque Macio e Resistente: Produzido com material de alta qualidade que garante durabilidade e um acabamento profissional.<\/p>\n<p>\ud83d\udca1 Ficha T\u00e9cnica<\/p>\n<p>Composi\u00e7\u00e3o: 67% Viscose e 33% Algod\u00e3o<\/p>\n<p>Largura: 9mm<\/p>\n<p>Marca: S\u00e3o Jos\u00e9<\/p>\n","protected":false},"excerpt":{"rendered":"<p>\ud83c\udf1f Passamanaria Gal\u00e3o Curva &#8211; Acabamento de Luxo (V\u00e1rias Cores)\ud83c\udf1f Eleve o n\u00edvel das suas cria\u00e7\u00f5es com a nossa Passamanaria Gal\u00e3o em formato de ondas\/curvas .<span class=\"excerpt-hellip\"> [\u2026]<\/span><\/p>\n","protected":false},"featured_media":6136,"template":"","meta":[],"product_brand":[],"product_cat":[1741],"product_tag":[1767,959,124],"class_list":{"0":"post-6084","1":"product","2":"type-product","3":"status-publish","4":"has-post-thumbnail","6":"product_cat-passamanaria-7095","7":"product_tag-aviamentos","8":"product_tag-passamanaria","9":"product_tag-sao-jose","11":"first","12":"instock","13":"shipping-taxable","14":"purchasable","15":"product-type-variable"},"_links":{"self":[{"href":"https:\/\/www.guigaaviamentos.com.br\/loja\/wp-json\/wp\/v2\/product\/6084","targetHints":{"allow":["GET"]}}],"collection":[{"href":"https:\/\/www.guigaaviamentos.com.br\/loja\/wp-json\/wp\/v2\/product"}],"about":[{"href":"https:\/\/www.guigaaviamentos.com.br\/loja\/wp-json\/wp\/v2\/types\/product"}],"wp:featuredmedia":[{"embeddable":true,"href":"https:\/\/www.guigaaviamentos.com.br\/loja\/wp-json\/wp\/v2\/media\/6136"}],"wp:attachment":[{"href":"https:\/\/www.guigaaviamentos.com.br\/loja\/wp-json\/wp\/v2\/media?parent=6084"}],"wp:term":[{"taxonomy":"product_brand","embeddable":true,"href":"https:\/\/www.guigaaviamentos.com.br\/loja\/wp-json\/wp\/v2\/product_brand?post=6084"},{"taxonomy":"product_cat","embeddable":true,"href":"https:\/\/www.guigaaviamentos.com.br\/loja\/wp-json\/wp\/v2\/product_cat?post=6084"},{"taxonomy":"product_tag","embeddable":true,"href":"https:\/\/www.guigaaviamentos.com.br\/loja\/wp-json\/wp\/v2\/product_tag?post=6084"}],"curies":[{"name":"wp","href":"https:\/\/api.w.org\/{rel}","templated":true}]}}