{"id":6002,"date":"2026-04-06T15:57:44","date_gmt":"2026-04-06T18:57:44","guid":{"rendered":"https:\/\/www.guigaaviamentos.com.br\/loja\/?post_type=product&#038;p=6002"},"modified":"2026-04-06T15:57:45","modified_gmt":"2026-04-06T18:57:45","slug":"cordao-de-seda-cetim-rabo-de-rato-2mm-rolo-com-50-metros","status":"publish","type":"product","link":"https:\/\/www.guigaaviamentos.com.br\/loja\/produto\/cordao-de-seda-cetim-rabo-de-rato-2mm-rolo-com-50-metros\/","title":{"rendered":"Cord\u00e3o de Seda Cetim Rabo de Rato 2mm &#8211; Rolo com 50 Metros"},"content":{"rendered":"<p>\ud83d\udccdCaracter\u00edsticas<\/p>\n<p>\ud83d\udd39 Composi\u00e7\u00e3o: 100% Poli\u00e9ster;<\/p>\n<p>\ud83d\udd39 Acabamento: Acetinado;<\/p>\n<p>\ud83d\udd39 Espessura: 2mm;<\/p>\n<p>\ud83d\udd39 Comprimento: 50 metros;<\/p>\n<p>\ud83d\udd39 Cores firmes e que n\u00e3o desbotam;<\/p>\n<p>\ud83d\udd39 Marca: NYBC e Mantovani<\/p>\n<p>\ud83d\udccdPrincipais utiliza\u00e7\u00f5es<\/p>\n<p>\ud83d\udd39 Macram\u00ea, ter\u00e7os, pulseirinhas e escapul\u00e1rios.<\/p>\n<p>\ud83d\udd39 Confec\u00e7\u00e3o de chaveiros, lembrancinhas e enfeites.<\/p>\n<p>\ud83d\udd39 Acabamento em brincos artesanais.<\/p>\n<p>\ud83d\udd39 Detalhes em roupas, pe\u00e7as decorativas, la\u00e7os de roupas infantis ou acess\u00f3rios.<\/p>\n<p>\ud83d\udd39 Amarra\u00e7\u00e3o de lembrancinhas e convites, enfeites de festas e eventos (como casamentos e batizados) e la\u00e7os decorativos em caixas, velas e arranjos.<\/p>\n","protected":false},"excerpt":{"rendered":"<p>\ud83d\udccdCaracter\u00edsticas \ud83d\udd39 Composi\u00e7\u00e3o: 100% Poli\u00e9ster; \ud83d\udd39 Acabamento: Acetinado; \ud83d\udd39 Espessura: 2mm; \ud83d\udd39 Comprimento: 50 metros; \ud83d\udd39 Cores firmes e que n\u00e3o desbotam; \ud83d\udd39 Marca: NYBC e<span class=\"excerpt-hellip\"> [\u2026]<\/span><\/p>\n","protected":false},"featured_media":6079,"template":"","meta":[],"product_brand":[],"product_cat":[59],"product_tag":[1739,827,1740,1000],"class_list":{"0":"post-6002","1":"product","2":"type-product","3":"status-publish","4":"has-post-thumbnail","6":"product_cat-cordao-cadarcos-vivos","7":"product_tag-acetinado","8":"product_tag-cordao","9":"product_tag-macrame","10":"product_tag-rabo-de-rato","12":"first","13":"instock","14":"shipping-taxable","15":"purchasable","16":"product-type-variable"},"_links":{"self":[{"href":"https:\/\/www.guigaaviamentos.com.br\/loja\/wp-json\/wp\/v2\/product\/6002","targetHints":{"allow":["GET"]}}],"collection":[{"href":"https:\/\/www.guigaaviamentos.com.br\/loja\/wp-json\/wp\/v2\/product"}],"about":[{"href":"https:\/\/www.guigaaviamentos.com.br\/loja\/wp-json\/wp\/v2\/types\/product"}],"wp:featuredmedia":[{"embeddable":true,"href":"https:\/\/www.guigaaviamentos.com.br\/loja\/wp-json\/wp\/v2\/media\/6079"}],"wp:attachment":[{"href":"https:\/\/www.guigaaviamentos.com.br\/loja\/wp-json\/wp\/v2\/media?parent=6002"}],"wp:term":[{"taxonomy":"product_brand","embeddable":true,"href":"https:\/\/www.guigaaviamentos.com.br\/loja\/wp-json\/wp\/v2\/product_brand?post=6002"},{"taxonomy":"product_cat","embeddable":true,"href":"https:\/\/www.guigaaviamentos.com.br\/loja\/wp-json\/wp\/v2\/product_cat?post=6002"},{"taxonomy":"product_tag","embeddable":true,"href":"https:\/\/www.guigaaviamentos.com.br\/loja\/wp-json\/wp\/v2\/product_tag?post=6002"}],"curies":[{"name":"wp","href":"https:\/\/api.w.org\/{rel}","templated":true}]}}