{"id":5998,"date":"2026-04-04T09:13:45","date_gmt":"2026-04-04T12:13:45","guid":{"rendered":"https:\/\/www.guigaaviamentos.com.br\/loja\/?post_type=product&#038;p=5998"},"modified":"2026-04-04T09:13:46","modified_gmt":"2026-04-04T12:13:46","slug":"cordao-cadarco-chato-preto-com-ponteira-130cm-confeccao-sunga-tenis-calca-bermuda","status":"publish","type":"product","link":"https:\/\/www.guigaaviamentos.com.br\/loja\/produto\/cordao-cadarco-chato-preto-com-ponteira-130cm-confeccao-sunga-tenis-calca-bermuda\/","title":{"rendered":"Cord\u00e3o Cadar\u00e7o Chato Preto com Ponteira 130cm  Confec\u00e7\u00e3o\/Sunga\/T\u00eanis\/Cal\u00e7a\/Bermuda"},"content":{"rendered":"<p>Caracter\u00edsticas<\/p>\n<p>\ud83d\udd39Material: Poli\u00e9ster;<\/p>\n<p>\ud83d\udd39Acabamento: Achatado e com ponteira nas extremidades, que evita o desfiamento, facilita a passagem pelo ilh\u00f3s;<\/p>\n<p>\ud83d\udd39Comprimento: 130cm (1,30 MT);<\/p>\n<p>\ud83d\udd39Largura do Cord\u00e3o: 1cm;<\/p>\n<p>\ud83d\udd39 Cor: Preto.<\/p>\n<p>Aplica\u00e7\u00f5es<\/p>\n<p>\ud83d\udd39Moletom e jaquetas;<\/p>\n<p>\ud83d\udd39Cal\u00e7as esportivas ou casuais;<\/p>\n<p>\ud83d\udd39Bermudas, shorts e sungas de praia;<\/p>\n<p>\ud83d\udd39T\u00eanis;<\/p>\n<p>\ud83d\udd39Agasalhos escolares e uniformes;<\/p>\n","protected":false},"excerpt":{"rendered":"<p>Caracter\u00edsticas \ud83d\udd39Material: Poli\u00e9ster; \ud83d\udd39Acabamento: Achatado e com ponteira nas extremidades, que evita o desfiamento, facilita a passagem pelo ilh\u00f3s; \ud83d\udd39Comprimento: 130cm (1,30 MT); \ud83d\udd39Largura do Cord\u00e3o:<span class=\"excerpt-hellip\"> [\u2026]<\/span><\/p>\n","protected":false},"featured_media":5999,"template":"","meta":[],"product_brand":[],"product_cat":[61,59],"product_tag":[1699,1700,962,1220],"class_list":{"0":"post-5998","1":"product","2":"type-product","3":"status-publish","4":"has-post-thumbnail","6":"product_cat-cordao-poliester","7":"product_cat-cordao-cadarcos-vivos","8":"product_tag-achatado","9":"product_tag-agasalho","10":"product_tag-cadarco","11":"product_tag-preto","13":"first","14":"instock","15":"shipping-taxable","16":"product-type-simple"},"_links":{"self":[{"href":"https:\/\/www.guigaaviamentos.com.br\/loja\/wp-json\/wp\/v2\/product\/5998","targetHints":{"allow":["GET"]}}],"collection":[{"href":"https:\/\/www.guigaaviamentos.com.br\/loja\/wp-json\/wp\/v2\/product"}],"about":[{"href":"https:\/\/www.guigaaviamentos.com.br\/loja\/wp-json\/wp\/v2\/types\/product"}],"wp:featuredmedia":[{"embeddable":true,"href":"https:\/\/www.guigaaviamentos.com.br\/loja\/wp-json\/wp\/v2\/media\/5999"}],"wp:attachment":[{"href":"https:\/\/www.guigaaviamentos.com.br\/loja\/wp-json\/wp\/v2\/media?parent=5998"}],"wp:term":[{"taxonomy":"product_brand","embeddable":true,"href":"https:\/\/www.guigaaviamentos.com.br\/loja\/wp-json\/wp\/v2\/product_brand?post=5998"},{"taxonomy":"product_cat","embeddable":true,"href":"https:\/\/www.guigaaviamentos.com.br\/loja\/wp-json\/wp\/v2\/product_cat?post=5998"},{"taxonomy":"product_tag","embeddable":true,"href":"https:\/\/www.guigaaviamentos.com.br\/loja\/wp-json\/wp\/v2\/product_tag?post=5998"}],"curies":[{"name":"wp","href":"https:\/\/api.w.org\/{rel}","templated":true}]}}