{"id":5875,"date":"2025-11-06T13:12:59","date_gmt":"2025-11-06T16:12:59","guid":{"rendered":"https:\/\/www.guigaaviamentos.com.br\/loja\/?post_type=product&#038;p=5875"},"modified":"2026-03-23T12:47:40","modified_gmt":"2026-03-23T15:47:40","slug":"caixa-de-bobina-para-maquina-de-costura-reta-industrial","status":"publish","type":"product","link":"https:\/\/www.guigaaviamentos.com.br\/loja\/produto\/caixa-de-bobina-para-maquina-de-costura-reta-industrial\/","title":{"rendered":"Caixa de Bobina para M\u00e1quina de Costura Reta Industrial"},"content":{"rendered":"<p>\ud83d\udc49 ATEN\u00c7\u00c3O: CAIXA DE BOBINA COMPAT\u00cdVEL COM M\u00c1QUINAS DE COSTURA RETA INDUSTRIAL DE DIVERSOS MODELOS, COMO LANMAX, JACK, ZOJE, YAMATA, SUNSPECIAL, JUKI, SIRUBA, ENTRE OUTRAS.<\/p>\n<p>\ud83d\udd39 Cont\u00e9m 1 unidade de caixa de bobina para m\u00e1quinas modelo reta industrial.<\/p>\n","protected":false},"excerpt":{"rendered":"<p>\ud83d\udc49 ATEN\u00c7\u00c3O: CAIXA DE BOBINA COMPAT\u00cdVEL COM M\u00c1QUINAS DE COSTURA RETA INDUSTRIAL DE DIVERSOS MODELOS, COMO LANMAX, JACK, ZOJE, YAMATA, SUNSPECIAL, JUKI, SIRUBA, ENTRE OUTRAS. \ud83d\udd39<span class=\"excerpt-hellip\"> [\u2026]<\/span><\/p>\n","protected":false},"featured_media":5876,"template":"","meta":[],"product_brand":[],"product_cat":[85,82],"product_tag":[1668,1394],"class_list":{"0":"post-5875","1":"product","2":"type-product","3":"status-publish","4":"has-post-thumbnail","6":"product_cat-acessorios-costura","7":"product_cat-corte-costura","8":"product_tag-caixa-de-bobina","9":"product_tag-industrial","11":"first","12":"instock","13":"shipping-taxable","14":"product-type-simple"},"_links":{"self":[{"href":"https:\/\/www.guigaaviamentos.com.br\/loja\/wp-json\/wp\/v2\/product\/5875","targetHints":{"allow":["GET"]}}],"collection":[{"href":"https:\/\/www.guigaaviamentos.com.br\/loja\/wp-json\/wp\/v2\/product"}],"about":[{"href":"https:\/\/www.guigaaviamentos.com.br\/loja\/wp-json\/wp\/v2\/types\/product"}],"wp:featuredmedia":[{"embeddable":true,"href":"https:\/\/www.guigaaviamentos.com.br\/loja\/wp-json\/wp\/v2\/media\/5876"}],"wp:attachment":[{"href":"https:\/\/www.guigaaviamentos.com.br\/loja\/wp-json\/wp\/v2\/media?parent=5875"}],"wp:term":[{"taxonomy":"product_brand","embeddable":true,"href":"https:\/\/www.guigaaviamentos.com.br\/loja\/wp-json\/wp\/v2\/product_brand?post=5875"},{"taxonomy":"product_cat","embeddable":true,"href":"https:\/\/www.guigaaviamentos.com.br\/loja\/wp-json\/wp\/v2\/product_cat?post=5875"},{"taxonomy":"product_tag","embeddable":true,"href":"https:\/\/www.guigaaviamentos.com.br\/loja\/wp-json\/wp\/v2\/product_tag?post=5875"}],"curies":[{"name":"wp","href":"https:\/\/api.w.org\/{rel}","templated":true}]}}