{"id":5871,"date":"2025-11-06T12:56:00","date_gmt":"2025-11-06T15:56:00","guid":{"rendered":"https:\/\/www.guigaaviamentos.com.br\/loja\/?post_type=product&#038;p=5871"},"modified":"2026-03-23T12:47:48","modified_gmt":"2026-03-23T15:47:48","slug":"kit-com-10-bobinas-carretilha-metal-baixa-para-maquina-domestica","status":"publish","type":"product","link":"https:\/\/www.guigaaviamentos.com.br\/loja\/produto\/kit-com-10-bobinas-carretilha-metal-baixa-para-maquina-domestica\/","title":{"rendered":"Kit com 10 Bobinas Carretilha Metal BAIXA para M\u00e1quina Dom\u00e9stica"},"content":{"rendered":"<p>\u2705 Caracter\u00edsticas<\/p>\n<p>* O kit cont\u00e9m 10 bobinas BAIXAS para m\u00e1quina caseira\/dom\u00e9stica;<\/p>\n<p>* Medidas das bobinas: Altura Interna 7mm * Altura Externa 10mm * Di\u00e2metro 20mm.<\/p>\n<p>\ud83e\uddf5 Modelos de M\u00e1quinas Compat\u00edveis<\/p>\n<p>\ud83d\udd39 Singer Facilita, Facilita Pro, Facilita Plus;<\/p>\n<p>\ud83d\udd39 Singer Tradition (2250, 2273, 2282, etc.);<\/p>\n<p>\ud83d\udd39 Singer M1605, M2405, M3205, M3405;<\/p>\n<p>\ud83d\udd39 Singer Simple (3221, 3232) e Patchwork 7285Q;<\/p>\n<p>\ud83d\udd39 Singer Heavy Duty (4411, 4423, 4432, 4452);<\/p>\n<p>\ud83d\udd39 Singer Start (1306, 1408) e Brilliance (6160, 6180);<\/p>\n<p>\ud83d\udd39 Singer Talent (3321, 3323, 3333) e Promise (1409, 1412);<\/p>\n<p>\ud83d\udd39 Brother &#8211; Todos os modelos dom\u00e9sticos com bobina de inser\u00e7\u00e3o superior (\u201cDrop-in\u201d) EX: BM2800, BM3850, CE4000, CS6000i, SQ9100, GX37, LX3817, etc;<\/p>\n<p>\ud83d\udd39 Elgin Genius, Sup\u00e9ria, JX4035, JX2040, Zig Zag, Pr\u00e1tika, Premium, Bella ;<\/p>\n<p>\ud83d\udd39 Janome 2008, 2010, 2030QDC, 2160DC, 3160QDC, 4120QDC, Sew Mini, 1006, 2000, 2008S, 2008P, MC4000, MC500E (bordado dom\u00e9stico), MC9850<\/p>\n","protected":false},"excerpt":{"rendered":"<p>\u2705 Caracter\u00edsticas * O kit cont\u00e9m 10 bobinas BAIXAS para m\u00e1quina caseira\/dom\u00e9stica; * Medidas das bobinas: Altura Interna 7mm * Altura Externa 10mm * Di\u00e2metro 20mm.<span class=\"excerpt-hellip\"> [\u2026]<\/span><\/p>\n","protected":false},"featured_media":5872,"template":"","meta":[],"product_brand":[],"product_cat":[85,82],"product_tag":[1667,1027,1049,1406],"class_list":{"0":"post-5871","1":"product","2":"type-product","3":"status-publish","4":"has-post-thumbnail","6":"product_cat-acessorios-costura","7":"product_cat-corte-costura","8":"product_tag-baixa","9":"product_tag-bobina","10":"product_tag-caseira","11":"product_tag-metal","13":"first","14":"instock","15":"shipping-taxable","16":"product-type-simple"},"_links":{"self":[{"href":"https:\/\/www.guigaaviamentos.com.br\/loja\/wp-json\/wp\/v2\/product\/5871","targetHints":{"allow":["GET"]}}],"collection":[{"href":"https:\/\/www.guigaaviamentos.com.br\/loja\/wp-json\/wp\/v2\/product"}],"about":[{"href":"https:\/\/www.guigaaviamentos.com.br\/loja\/wp-json\/wp\/v2\/types\/product"}],"wp:featuredmedia":[{"embeddable":true,"href":"https:\/\/www.guigaaviamentos.com.br\/loja\/wp-json\/wp\/v2\/media\/5872"}],"wp:attachment":[{"href":"https:\/\/www.guigaaviamentos.com.br\/loja\/wp-json\/wp\/v2\/media?parent=5871"}],"wp:term":[{"taxonomy":"product_brand","embeddable":true,"href":"https:\/\/www.guigaaviamentos.com.br\/loja\/wp-json\/wp\/v2\/product_brand?post=5871"},{"taxonomy":"product_cat","embeddable":true,"href":"https:\/\/www.guigaaviamentos.com.br\/loja\/wp-json\/wp\/v2\/product_cat?post=5871"},{"taxonomy":"product_tag","embeddable":true,"href":"https:\/\/www.guigaaviamentos.com.br\/loja\/wp-json\/wp\/v2\/product_tag?post=5871"}],"curies":[{"name":"wp","href":"https:\/\/api.w.org\/{rel}","templated":true}]}}