{"id":5858,"date":"2025-11-06T12:44:54","date_gmt":"2025-11-06T15:44:54","guid":{"rendered":"https:\/\/www.guigaaviamentos.com.br\/loja\/?post_type=product&#038;p=5858"},"modified":"2026-03-23T12:48:15","modified_gmt":"2026-03-23T15:48:15","slug":"kit-com-10-bobinas-carretilha-plastica-baixa-para-maquina-domestica","status":"publish","type":"product","link":"https:\/\/www.guigaaviamentos.com.br\/loja\/produto\/kit-com-10-bobinas-carretilha-plastica-baixa-para-maquina-domestica\/","title":{"rendered":"Kit com 10 Bobinas Carretilha Pl\u00e1stica BAIXA para M\u00e1quina Dom\u00e9stica"},"content":{"rendered":"<p>\u2705 Caracter\u00edsticas<\/p>\n<p>* O kit cont\u00e9m 10 bobinas BAIXAS Pl\u00e1stica para m\u00e1quina caseira\/dom\u00e9stica\/bordado;<\/p>\n<p>* Medidas das bobinas: Altura Interna 7mm * Altura Externa 10mm * Di\u00e2metro 20mm.<\/p>\n<p>\ud83e\uddf5 Modelos de M\u00e1quinas Compat\u00edveis<\/p>\n<p>Singer, 247, 288, 872, 875, 964, 974, 2301, 2302, 2315, 2316, 2328,<\/p>\n<p>2330, 2343, 2616, 2630, 2868, 2968, 3902, 3903, 3930, 4802, 4814, 4830,<\/p>\n<p>4930, 5417, 5430, 7380, 9832, 9836, ML405, ML418, DP002, HD205, HD210,<\/p>\n<p>NL118, PL002, PL410, PL418, PL438, PP418, PP436, QL453 entre outras.<\/p>\n<p>&nbsp;<\/p>\n","protected":false},"excerpt":{"rendered":"<p>\u2705 Caracter\u00edsticas * O kit cont\u00e9m 10 bobinas BAIXAS Pl\u00e1stica para m\u00e1quina caseira\/dom\u00e9stica\/bordado; * Medidas das bobinas: Altura Interna 7mm * Altura Externa 10mm * Di\u00e2metro<span class=\"excerpt-hellip\"> [\u2026]<\/span><\/p>\n","protected":false},"featured_media":5859,"template":"","meta":[],"product_brand":[],"product_cat":[85,82],"product_tag":[1027,1049,1050,1397],"class_list":{"0":"post-5858","1":"product","2":"type-product","3":"status-publish","4":"has-post-thumbnail","6":"product_cat-acessorios-costura","7":"product_cat-corte-costura","8":"product_tag-bobina","9":"product_tag-caseira","10":"product_tag-domestica","11":"product_tag-plastico","13":"first","14":"instock","15":"shipping-taxable","16":"product-type-simple"},"_links":{"self":[{"href":"https:\/\/www.guigaaviamentos.com.br\/loja\/wp-json\/wp\/v2\/product\/5858","targetHints":{"allow":["GET"]}}],"collection":[{"href":"https:\/\/www.guigaaviamentos.com.br\/loja\/wp-json\/wp\/v2\/product"}],"about":[{"href":"https:\/\/www.guigaaviamentos.com.br\/loja\/wp-json\/wp\/v2\/types\/product"}],"wp:featuredmedia":[{"embeddable":true,"href":"https:\/\/www.guigaaviamentos.com.br\/loja\/wp-json\/wp\/v2\/media\/5859"}],"wp:attachment":[{"href":"https:\/\/www.guigaaviamentos.com.br\/loja\/wp-json\/wp\/v2\/media?parent=5858"}],"wp:term":[{"taxonomy":"product_brand","embeddable":true,"href":"https:\/\/www.guigaaviamentos.com.br\/loja\/wp-json\/wp\/v2\/product_brand?post=5858"},{"taxonomy":"product_cat","embeddable":true,"href":"https:\/\/www.guigaaviamentos.com.br\/loja\/wp-json\/wp\/v2\/product_cat?post=5858"},{"taxonomy":"product_tag","embeddable":true,"href":"https:\/\/www.guigaaviamentos.com.br\/loja\/wp-json\/wp\/v2\/product_tag?post=5858"}],"curies":[{"name":"wp","href":"https:\/\/api.w.org\/{rel}","templated":true}]}}