{"id":5666,"date":"2025-10-17T13:51:00","date_gmt":"2025-10-17T16:51:00","guid":{"rendered":"https:\/\/www.guigaaviamentos.com.br\/loja\/?post_type=product&#038;p=5666"},"modified":"2026-03-26T15:19:40","modified_gmt":"2026-03-26T18:19:40","slug":"cadarco-cordao-rolico-com-ponteira","status":"publish","type":"product","link":"https:\/\/www.guigaaviamentos.com.br\/loja\/produto\/cadarco-cordao-rolico-com-ponteira\/","title":{"rendered":"Cadar\u00e7o Cord\u00e3o Roli\u00e7o com Ponteira"},"content":{"rendered":"<p>Caracter\u00edsticas<br \/>\n\ud83d\udd39Material: Poli\u00e9ster;<br \/>\n\ud83d\udd39Acabamento: Possui ponteira nas extremidades, que evita o desfiamento, facilita a passagem pelo ilh\u00f3s;<br \/>\n\ud83d\udd39Comprimento: 140cm.<\/p>\n<p>Aplica\u00e7\u00f5es<br \/>\n\ud83d\udd39Moletom e jaquetas;<br \/>\n\ud83d\udd39Cal\u00e7as esportivas ou casuais;<br \/>\n\ud83d\udd39Bermudas e shorts;<br \/>\n\ud83d\udd39Agasalhos escolares e uniformes;<br \/>\n\ud83d\udd39Artesanato e customiza\u00e7\u00e3o: Aplicado em trabalhos manuais, lembrancinhas e pe\u00e7as personalizadas.<\/p>\n<p>**PACOTES COM 10 UNIDADES****<\/p>\n","protected":false},"excerpt":{"rendered":"<p>Caracter\u00edsticas \ud83d\udd39Material: Poli\u00e9ster; \ud83d\udd39Acabamento: Possui ponteira nas extremidades, que evita o desfiamento, facilita a passagem pelo ilh\u00f3s; \ud83d\udd39Comprimento: 140cm. Aplica\u00e7\u00f5es \ud83d\udd39Moletom e jaquetas; \ud83d\udd39Cal\u00e7as esportivas ou<span class=\"excerpt-hellip\"> [\u2026]<\/span><\/p>\n","protected":false},"featured_media":5705,"template":"","meta":[],"product_brand":[],"product_cat":[61,59],"product_tag":[962,89,1628],"class_list":{"0":"post-5666","1":"product","2":"type-product","3":"status-publish","4":"has-post-thumbnail","6":"product_cat-cordao-poliester","7":"product_cat-cordao-cadarcos-vivos","8":"product_tag-cadarco","9":"product_tag-colorido","10":"product_tag-rolico","12":"first","13":"instock","14":"shipping-taxable","15":"purchasable","16":"product-type-variable"},"_links":{"self":[{"href":"https:\/\/www.guigaaviamentos.com.br\/loja\/wp-json\/wp\/v2\/product\/5666","targetHints":{"allow":["GET"]}}],"collection":[{"href":"https:\/\/www.guigaaviamentos.com.br\/loja\/wp-json\/wp\/v2\/product"}],"about":[{"href":"https:\/\/www.guigaaviamentos.com.br\/loja\/wp-json\/wp\/v2\/types\/product"}],"wp:featuredmedia":[{"embeddable":true,"href":"https:\/\/www.guigaaviamentos.com.br\/loja\/wp-json\/wp\/v2\/media\/5705"}],"wp:attachment":[{"href":"https:\/\/www.guigaaviamentos.com.br\/loja\/wp-json\/wp\/v2\/media?parent=5666"}],"wp:term":[{"taxonomy":"product_brand","embeddable":true,"href":"https:\/\/www.guigaaviamentos.com.br\/loja\/wp-json\/wp\/v2\/product_brand?post=5666"},{"taxonomy":"product_cat","embeddable":true,"href":"https:\/\/www.guigaaviamentos.com.br\/loja\/wp-json\/wp\/v2\/product_cat?post=5666"},{"taxonomy":"product_tag","embeddable":true,"href":"https:\/\/www.guigaaviamentos.com.br\/loja\/wp-json\/wp\/v2\/product_tag?post=5666"}],"curies":[{"name":"wp","href":"https:\/\/api.w.org\/{rel}","templated":true}]}}