{"id":5639,"date":"2025-10-10T16:36:31","date_gmt":"2025-10-10T19:36:31","guid":{"rendered":"https:\/\/www.guigaaviamentos.com.br\/loja\/?post_type=product&#038;p=5639"},"modified":"2026-03-23T12:48:29","modified_gmt":"2026-03-23T15:48:29","slug":"furador-agulhao-sovela-reforcado","status":"publish","type":"product","link":"https:\/\/www.guigaaviamentos.com.br\/loja\/produto\/furador-agulhao-sovela-reforcado\/","title":{"rendered":"Furador Agulh\u00e3o Sovela Refor\u00e7ado"},"content":{"rendered":"<p>\u2702\ufe0f O furador agulh\u00e3o Sovela \u00e9 uma ferramenta manual muito pr\u00e1tica e bastante utilizada em trabalhos de costura, artesanato e marcenaria leve. Possui cabo de madeira e a\u00e7o refor\u00e7ado.<\/p>\n<p>Principais utiliza\u00e7\u00f5es:<br \/>\n\ud83d\udccd Fazer furos em couro, napa, sint\u00e9tico, feltro, papel\u00e3o, EVA, borracha e tecidos em geral.<br \/>\n\ud83d\udccd Auxiliar em costuras manuais em materiais mais resistentes, abrindo o caminho para a agulha.<br \/>\n\ud83d\udccd Marcar pontos de costura no tecido ou couro.<br \/>\n\ud83d\udccd Abrir furos para cadar\u00e7os ou costuras em sapatos e botas e auxiliar na fixa\u00e7\u00e3o de bot\u00f5es de press\u00e3o, ilh\u00f3s ou tachas.<\/p>\n<p>\u2702\ufe0f An\u00fancio referente \u00e0 1 unidade de furador manual.<\/p>\n","protected":false},"excerpt":{"rendered":"<p>\u2702\ufe0f O furador agulh\u00e3o Sovela \u00e9 uma ferramenta manual muito pr\u00e1tica e bastante utilizada em trabalhos de costura, artesanato e marcenaria leve. Possui cabo de madeira<span class=\"excerpt-hellip\"> [\u2026]<\/span><\/p>\n","protected":false},"featured_media":5640,"template":"","meta":[],"product_brand":[],"product_cat":[85,82],"product_tag":[1607,1608],"class_list":{"0":"post-5639","1":"product","2":"type-product","3":"status-publish","4":"has-post-thumbnail","6":"product_cat-acessorios-costura","7":"product_cat-corte-costura","8":"product_tag-furador","9":"product_tag-manual","11":"first","12":"instock","13":"shipping-taxable","14":"product-type-simple"},"_links":{"self":[{"href":"https:\/\/www.guigaaviamentos.com.br\/loja\/wp-json\/wp\/v2\/product\/5639","targetHints":{"allow":["GET"]}}],"collection":[{"href":"https:\/\/www.guigaaviamentos.com.br\/loja\/wp-json\/wp\/v2\/product"}],"about":[{"href":"https:\/\/www.guigaaviamentos.com.br\/loja\/wp-json\/wp\/v2\/types\/product"}],"wp:featuredmedia":[{"embeddable":true,"href":"https:\/\/www.guigaaviamentos.com.br\/loja\/wp-json\/wp\/v2\/media\/5640"}],"wp:attachment":[{"href":"https:\/\/www.guigaaviamentos.com.br\/loja\/wp-json\/wp\/v2\/media?parent=5639"}],"wp:term":[{"taxonomy":"product_brand","embeddable":true,"href":"https:\/\/www.guigaaviamentos.com.br\/loja\/wp-json\/wp\/v2\/product_brand?post=5639"},{"taxonomy":"product_cat","embeddable":true,"href":"https:\/\/www.guigaaviamentos.com.br\/loja\/wp-json\/wp\/v2\/product_cat?post=5639"},{"taxonomy":"product_tag","embeddable":true,"href":"https:\/\/www.guigaaviamentos.com.br\/loja\/wp-json\/wp\/v2\/product_tag?post=5639"}],"curies":[{"name":"wp","href":"https:\/\/api.w.org\/{rel}","templated":true}]}}