{"id":5516,"date":"2025-10-10T15:50:05","date_gmt":"2025-10-10T18:50:05","guid":{"rendered":"https:\/\/www.guigaaviamentos.com.br\/loja\/?post_type=product&#038;p=5516"},"modified":"2026-03-26T15:43:05","modified_gmt":"2026-03-26T18:43:05","slug":"feltro-liso-santa-fe-50cm-x-140cm-artesanato-boneca-costura","status":"publish","type":"product","link":"https:\/\/www.guigaaviamentos.com.br\/loja\/produto\/feltro-liso-santa-fe-50cm-x-140cm-artesanato-boneca-costura\/","title":{"rendered":"Feltro Liso Santa F\u00e9 100cm x 140cm Artesanato Boneca Costura"},"content":{"rendered":"<p>****FELTRO LISO SANTA F\u00c9 &#8211; QUALIDADE PREMIUM****<\/p>\n<p>O feltro Santa F\u00e9 possui toque macio e qualidade premium, sendo a escolha perfeita para seus artesanatos. Produzido em fibras sint\u00e9ticas e n\u00e3o desfia, podendo ser cortado em qualquer dire\u00e7\u00e3o. Utilizado para artesanato, estojos, forra\u00e7\u00f5es diversas, almofadas, aventais, bon\u00e9s, brinquedos, quadro de aviso, est\u00fadios de TV, produtos para pets e muitas outras aplica\u00e7\u00f5es.<\/p>\n<p>Composi\u00e7\u00e3o: 100% Poli\u00e9ster<br \/>\nGramatura: 200G\/M2<\/p>\n<p>** O AN\u00daNCIO \u00c9 REFERENTE AO TAMANHO DE FELTRO 1,00 METRO COMPRIMENTO X 1,40 METRO LARGURA **<\/p>\n","protected":false},"excerpt":{"rendered":"<p>****FELTRO LISO SANTA F\u00c9 &#8211; QUALIDADE PREMIUM**** O feltro Santa F\u00e9 possui toque macio e qualidade premium, sendo a escolha perfeita para seus artesanatos. Produzido em<span class=\"excerpt-hellip\"> [\u2026]<\/span><\/p>\n","protected":false},"featured_media":5597,"template":"","meta":[],"product_brand":[],"product_cat":[66],"product_tag":[496,497],"class_list":{"0":"post-5516","1":"product","2":"type-product","3":"status-publish","4":"has-post-thumbnail","6":"product_cat-feltros-tnt-santa-fe","7":"product_tag-feltro","8":"product_tag-santa-fe","10":"first","11":"instock","12":"shipping-taxable","13":"purchasable","14":"product-type-variable"},"_links":{"self":[{"href":"https:\/\/www.guigaaviamentos.com.br\/loja\/wp-json\/wp\/v2\/product\/5516","targetHints":{"allow":["GET"]}}],"collection":[{"href":"https:\/\/www.guigaaviamentos.com.br\/loja\/wp-json\/wp\/v2\/product"}],"about":[{"href":"https:\/\/www.guigaaviamentos.com.br\/loja\/wp-json\/wp\/v2\/types\/product"}],"wp:featuredmedia":[{"embeddable":true,"href":"https:\/\/www.guigaaviamentos.com.br\/loja\/wp-json\/wp\/v2\/media\/5597"}],"wp:attachment":[{"href":"https:\/\/www.guigaaviamentos.com.br\/loja\/wp-json\/wp\/v2\/media?parent=5516"}],"wp:term":[{"taxonomy":"product_brand","embeddable":true,"href":"https:\/\/www.guigaaviamentos.com.br\/loja\/wp-json\/wp\/v2\/product_brand?post=5516"},{"taxonomy":"product_cat","embeddable":true,"href":"https:\/\/www.guigaaviamentos.com.br\/loja\/wp-json\/wp\/v2\/product_cat?post=5516"},{"taxonomy":"product_tag","embeddable":true,"href":"https:\/\/www.guigaaviamentos.com.br\/loja\/wp-json\/wp\/v2\/product_tag?post=5516"}],"curies":[{"name":"wp","href":"https:\/\/api.w.org\/{rel}","templated":true}]}}