{"id":5499,"date":"2025-10-10T12:43:21","date_gmt":"2025-10-10T15:43:21","guid":{"rendered":"https:\/\/www.guigaaviamentos.com.br\/loja\/?post_type=product&#038;p=5499"},"modified":"2026-03-23T12:51:40","modified_gmt":"2026-03-23T15:51:40","slug":"manta-forrobel-para-estruturacao-forro-termico-luvas-tabua-passar","status":"publish","type":"product","link":"https:\/\/www.guigaaviamentos.com.br\/loja\/produto\/manta-forrobel-para-estruturacao-forro-termico-luvas-tabua-passar\/","title":{"rendered":"Manta Forrobel  para Estrutura\u00e7\u00e3o\/Forro\/T\u00e9rmico\/Luvas\/T\u00e1bua Passar"},"content":{"rendered":"<p>\ud83d\udc49 Aplica\u00e7\u00f5es<\/p>\n<p>\ud83d\udd39 Forra\u00e7\u00e3o e estrutura\u00e7\u00e3o de itens como bolsas, malas, n\u00e9cessaires, luvas t\u00e9rmicas, t\u00e1buas de passar, jogo americano, cadernos, agendas e aventais.<br \/>\n\ud83d\udd39Confec\u00e7\u00e3o de pe\u00e7as decorativas com efeito estofado, relevos em patchwork ou feltro, como guirlandas, chaveiros e apliques.<br \/>\n\ud83d\udd39Suporte interno para objetos que exigem resist\u00eancia t\u00e9rmica, como bases para t\u00e1buas de passar chaleiras, pegadores de panela, jogos americanos e sacolas t\u00e9rmicas.<\/p>\n<p>\ud83d\udc49Caracter\u00edsticas<br \/>\n\ud83d\udd39100% Poli\u00e9ster.<br \/>\n\ud83d\udd39Gramatura: 250g\/m2.<br \/>\n\ud83d\udd39Largura: 1,50 metro.<br \/>\n\ud83d\udd39Cor: Branco.<br \/>\n\ud83d\udd39N\u00e3o possui cola\/resina.<br \/>\n\ud83d\udd39Marca: Ober<\/p>\n","protected":false},"excerpt":{"rendered":"<p>\ud83d\udc49 Aplica\u00e7\u00f5es \ud83d\udd39 Forra\u00e7\u00e3o e estrutura\u00e7\u00e3o de itens como bolsas, malas, n\u00e9cessaires, luvas t\u00e9rmicas, t\u00e1buas de passar, jogo americano, cadernos, agendas e aventais. \ud83d\udd39Confec\u00e7\u00e3o de pe\u00e7as<span class=\"excerpt-hellip\"> [\u2026]<\/span><\/p>\n","protected":false},"featured_media":5500,"template":"","meta":[],"product_brand":[],"product_cat":[80],"product_tag":[1588,1180,1182],"class_list":{"0":"post-5499","1":"product","2":"type-product","3":"status-publish","4":"has-post-thumbnail","6":"product_cat-mantas","7":"product_tag-forrobel","8":"product_tag-manta","9":"product_tag-ober","11":"first","12":"instock","13":"shipping-taxable","14":"product-type-simple"},"_links":{"self":[{"href":"https:\/\/www.guigaaviamentos.com.br\/loja\/wp-json\/wp\/v2\/product\/5499","targetHints":{"allow":["GET"]}}],"collection":[{"href":"https:\/\/www.guigaaviamentos.com.br\/loja\/wp-json\/wp\/v2\/product"}],"about":[{"href":"https:\/\/www.guigaaviamentos.com.br\/loja\/wp-json\/wp\/v2\/types\/product"}],"wp:featuredmedia":[{"embeddable":true,"href":"https:\/\/www.guigaaviamentos.com.br\/loja\/wp-json\/wp\/v2\/media\/5500"}],"wp:attachment":[{"href":"https:\/\/www.guigaaviamentos.com.br\/loja\/wp-json\/wp\/v2\/media?parent=5499"}],"wp:term":[{"taxonomy":"product_brand","embeddable":true,"href":"https:\/\/www.guigaaviamentos.com.br\/loja\/wp-json\/wp\/v2\/product_brand?post=5499"},{"taxonomy":"product_cat","embeddable":true,"href":"https:\/\/www.guigaaviamentos.com.br\/loja\/wp-json\/wp\/v2\/product_cat?post=5499"},{"taxonomy":"product_tag","embeddable":true,"href":"https:\/\/www.guigaaviamentos.com.br\/loja\/wp-json\/wp\/v2\/product_tag?post=5499"}],"curies":[{"name":"wp","href":"https:\/\/api.w.org\/{rel}","templated":true}]}}