{"id":5398,"date":"2025-10-09T16:55:20","date_gmt":"2025-10-09T19:55:20","guid":{"rendered":"https:\/\/www.guigaaviamentos.com.br\/loja\/?post_type=product&#038;p=5398"},"modified":"2026-03-23T12:59:18","modified_gmt":"2026-03-23T15:59:18","slug":"ziper-de-nylon-fixo-comum-18-cm","status":"publish","type":"product","link":"https:\/\/www.guigaaviamentos.com.br\/loja\/produto\/ziper-de-nylon-fixo-comum-18-cm\/","title":{"rendered":"Z\u00edper de Nylon Fixo Comum 18 cm"},"content":{"rendered":"<p>O z\u00edper de nylon fixo \u00e9 utilizado para as mais diversas aplica\u00e7\u00f5es, como calcas de alfaiataria, n\u00e9cessaires, almofadas, vestidos, saias, entre outros&#8230;<\/p>\n<p>&nbsp;<\/p>\n<p>****IMAGEM MERAMENTE ILUSTRATIVA, PODENDO HAVER VARIA\u00c7\u00c3O DE TONS PELA FOTO***<\/p>\n<p>&nbsp;<\/p>\n<p>Marca: Importado<\/p>\n<p>&nbsp;<\/p>\n","protected":false},"excerpt":{"rendered":"<p>O z\u00edper de nylon fixo \u00e9 utilizado para as mais diversas aplica\u00e7\u00f5es, como calcas de alfaiataria, n\u00e9cessaires, almofadas, vestidos, saias, entre outros&#8230; &nbsp; ****IMAGEM MERAMENTE ILUSTRATIVA,<span class=\"excerpt-hellip\"> [\u2026]<\/span><\/p>\n","protected":false},"featured_media":5395,"template":"","meta":[],"product_brand":[],"product_cat":[15],"product_tag":[1586,1585,973],"class_list":{"0":"post-5398","1":"product","2":"type-product","3":"status-publish","4":"has-post-thumbnail","6":"product_cat-ziper","7":"product_tag-fixo","8":"product_tag-nylon","9":"product_tag-ziper","11":"first","12":"instock","13":"shipping-taxable","14":"purchasable","15":"product-type-variable"},"_links":{"self":[{"href":"https:\/\/www.guigaaviamentos.com.br\/loja\/wp-json\/wp\/v2\/product\/5398","targetHints":{"allow":["GET"]}}],"collection":[{"href":"https:\/\/www.guigaaviamentos.com.br\/loja\/wp-json\/wp\/v2\/product"}],"about":[{"href":"https:\/\/www.guigaaviamentos.com.br\/loja\/wp-json\/wp\/v2\/types\/product"}],"wp:featuredmedia":[{"embeddable":true,"href":"https:\/\/www.guigaaviamentos.com.br\/loja\/wp-json\/wp\/v2\/media\/5395"}],"wp:attachment":[{"href":"https:\/\/www.guigaaviamentos.com.br\/loja\/wp-json\/wp\/v2\/media?parent=5398"}],"wp:term":[{"taxonomy":"product_brand","embeddable":true,"href":"https:\/\/www.guigaaviamentos.com.br\/loja\/wp-json\/wp\/v2\/product_brand?post=5398"},{"taxonomy":"product_cat","embeddable":true,"href":"https:\/\/www.guigaaviamentos.com.br\/loja\/wp-json\/wp\/v2\/product_cat?post=5398"},{"taxonomy":"product_tag","embeddable":true,"href":"https:\/\/www.guigaaviamentos.com.br\/loja\/wp-json\/wp\/v2\/product_tag?post=5398"}],"curies":[{"name":"wp","href":"https:\/\/api.w.org\/{rel}","templated":true}]}}