{"id":5313,"date":"2025-10-09T12:29:10","date_gmt":"2025-10-09T15:29:10","guid":{"rendered":"https:\/\/www.guigaaviamentos.com.br\/loja\/?post_type=product&#038;p=5313"},"modified":"2026-03-26T12:59:56","modified_gmt":"2026-03-26T15:59:56","slug":"kit-com-5-laminas-disco-refil-para-cortador-circular-de-45mm","status":"publish","type":"product","link":"https:\/\/www.guigaaviamentos.com.br\/loja\/produto\/kit-com-5-laminas-disco-refil-para-cortador-circular-de-45mm\/","title":{"rendered":"KIT COM 5 L\u00c2MINAS DISCO REFIL PARA CORTADOR CIRCULAR DE 45MM"},"content":{"rendered":"<p>**AS L\u00c2MINAS S\u00c3O COMPAT\u00cdVEIS COM QUALQUER MODELO DE CORTADOR CIRCULAR DE 45MM** SUPER AFIADAS E RESISTENTES****<\/p>\n<p>O KIT CONT\u00c9M<br \/>\n*5 UNIDADES DE L\u00c2MINA DISCO DE 45MM.<br \/>\n*MARCA: IMT<\/p>\n","protected":false},"excerpt":{"rendered":"<p>**AS L\u00c2MINAS S\u00c3O COMPAT\u00cdVEIS COM QUALQUER MODELO DE CORTADOR CIRCULAR DE 45MM** SUPER AFIADAS E RESISTENTES**** O KIT CONT\u00c9M *5 UNIDADES DE L\u00c2MINA DISCO DE 45MM.<span class=\"excerpt-hellip\"> [\u2026]<\/span><\/p>\n","protected":false},"featured_media":5314,"template":"","meta":[],"product_brand":[],"product_cat":[79,77,76],"product_tag":[1546,1114],"class_list":{"0":"post-5313","1":"product","2":"type-product","3":"status-publish","4":"has-post-thumbnail","6":"product_cat-patchwork-acessorios","7":"product_cat-patchwork-base-corte-cortadores","8":"product_cat-patchwork","9":"product_tag-cortador-circular","10":"product_tag-lamina","12":"first","13":"instock","14":"shipping-taxable","15":"product-type-simple"},"_links":{"self":[{"href":"https:\/\/www.guigaaviamentos.com.br\/loja\/wp-json\/wp\/v2\/product\/5313","targetHints":{"allow":["GET"]}}],"collection":[{"href":"https:\/\/www.guigaaviamentos.com.br\/loja\/wp-json\/wp\/v2\/product"}],"about":[{"href":"https:\/\/www.guigaaviamentos.com.br\/loja\/wp-json\/wp\/v2\/types\/product"}],"wp:featuredmedia":[{"embeddable":true,"href":"https:\/\/www.guigaaviamentos.com.br\/loja\/wp-json\/wp\/v2\/media\/5314"}],"wp:attachment":[{"href":"https:\/\/www.guigaaviamentos.com.br\/loja\/wp-json\/wp\/v2\/media?parent=5313"}],"wp:term":[{"taxonomy":"product_brand","embeddable":true,"href":"https:\/\/www.guigaaviamentos.com.br\/loja\/wp-json\/wp\/v2\/product_brand?post=5313"},{"taxonomy":"product_cat","embeddable":true,"href":"https:\/\/www.guigaaviamentos.com.br\/loja\/wp-json\/wp\/v2\/product_cat?post=5313"},{"taxonomy":"product_tag","embeddable":true,"href":"https:\/\/www.guigaaviamentos.com.br\/loja\/wp-json\/wp\/v2\/product_tag?post=5313"}],"curies":[{"name":"wp","href":"https:\/\/api.w.org\/{rel}","templated":true}]}}