{"id":5293,"date":"2025-10-08T16:30:51","date_gmt":"2025-10-08T19:30:51","guid":{"rendered":"https:\/\/www.guigaaviamentos.com.br\/loja\/?post_type=product&#038;p=5293"},"modified":"2026-03-23T12:53:03","modified_gmt":"2026-03-23T15:53:03","slug":"pinca-curva-com-pescador-para-costura","status":"publish","type":"product","link":"https:\/\/www.guigaaviamentos.com.br\/loja\/produto\/pinca-curva-com-pescador-para-costura\/","title":{"rendered":"Pin\u00e7a Curva com Pescador para Costura"},"content":{"rendered":"<p>Principais Utilidades da Pin\u00e7a<\/p>\n<p>\ud83d\udd39 1. Auxiliar na passagem de linhas em m\u00e1quinas<br \/>\nUsada para enfiar linhas nos locais de dif\u00edcil acesso em m\u00e1quinas de costura industrial, especialmente overloque e galoneira.<\/p>\n<p>A ponta fina e curva permite maior precis\u00e3o para alcan\u00e7ar orif\u00edcios pequenos.<\/p>\n<p>\ud83d\udd39 2. Posicionar tecidos com precis\u00e3o<br \/>\nAjuda a ajustar e segurar tecidos delicados ou muito pequenos (como malhas finas, rendas, etc.) durante o in\u00edcio da costura.<\/p>\n<p>Tamb\u00e9m \u00e9 \u00fatil para posicionar bordados ou aplica\u00e7\u00f5es.<\/p>\n<p>\ud83d\udd39 3. Remover linhas ou res\u00edduos<br \/>\nServe para puxar linhas soltas, retalhos presos ou at\u00e9 fiapos de dentro da m\u00e1quina.<\/p>\n<p>\ud83d\udd39 4. Substituir os dedos em \u00e1reas de risco<br \/>\nProtege os dedos ao empurrar o tecido pr\u00f3ximo \u00e0 agulha em alta velocidade.<\/p>\n<p>\ud83d\udd39 5. Precis\u00e3o em detalhes<br \/>\nIdeal para trabalhos minuciosos, como:<\/p>\n<p>Posicionar z\u00edperes invis\u00edveis.<\/p>\n<p>Ajustar dobras pequenas.<\/p>\n<p>Trabalhos com bonecos ou miniaturas de tecido.<\/p>\n<p>Caracter\u00edsticas<br \/>\n*Quantidade: 1 unidade Pin\u00e7a com Pescador;<br \/>\n*Material: A\u00e7o Inox;<br \/>\n*Comprimento: 17,5cm.<\/p>\n","protected":false},"excerpt":{"rendered":"<p>Principais Utilidades da Pin\u00e7a \ud83d\udd39 1. Auxiliar na passagem de linhas em m\u00e1quinas Usada para enfiar linhas nos locais de dif\u00edcil acesso em m\u00e1quinas de costura<span class=\"excerpt-hellip\"> [\u2026]<\/span><\/p>\n","protected":false},"featured_media":5294,"template":"","meta":[],"product_brand":[],"product_cat":[85,82],"product_tag":[1542],"class_list":{"0":"post-5293","1":"product","2":"type-product","3":"status-publish","4":"has-post-thumbnail","6":"product_cat-acessorios-costura","7":"product_cat-corte-costura","8":"product_tag-pinca","10":"first","11":"instock","12":"shipping-taxable","13":"product-type-simple"},"_links":{"self":[{"href":"https:\/\/www.guigaaviamentos.com.br\/loja\/wp-json\/wp\/v2\/product\/5293","targetHints":{"allow":["GET"]}}],"collection":[{"href":"https:\/\/www.guigaaviamentos.com.br\/loja\/wp-json\/wp\/v2\/product"}],"about":[{"href":"https:\/\/www.guigaaviamentos.com.br\/loja\/wp-json\/wp\/v2\/types\/product"}],"wp:featuredmedia":[{"embeddable":true,"href":"https:\/\/www.guigaaviamentos.com.br\/loja\/wp-json\/wp\/v2\/media\/5294"}],"wp:attachment":[{"href":"https:\/\/www.guigaaviamentos.com.br\/loja\/wp-json\/wp\/v2\/media?parent=5293"}],"wp:term":[{"taxonomy":"product_brand","embeddable":true,"href":"https:\/\/www.guigaaviamentos.com.br\/loja\/wp-json\/wp\/v2\/product_brand?post=5293"},{"taxonomy":"product_cat","embeddable":true,"href":"https:\/\/www.guigaaviamentos.com.br\/loja\/wp-json\/wp\/v2\/product_cat?post=5293"},{"taxonomy":"product_tag","embeddable":true,"href":"https:\/\/www.guigaaviamentos.com.br\/loja\/wp-json\/wp\/v2\/product_tag?post=5293"}],"curies":[{"name":"wp","href":"https:\/\/api.w.org\/{rel}","templated":true}]}}