{"id":4821,"date":"2025-10-04T10:17:44","date_gmt":"2025-10-04T13:17:44","guid":{"rendered":"https:\/\/www.guigaaviamentos.com.br\/loja\/?post_type=product&#038;p=4821"},"modified":"2026-03-26T16:54:34","modified_gmt":"2026-03-26T19:54:34","slug":"etiqueta-de-tamanho-em-tecido-estampada-para-confeccao","status":"publish","type":"product","link":"https:\/\/www.guigaaviamentos.com.br\/loja\/produto\/etiqueta-de-tamanho-em-tecido-estampada-para-confeccao\/","title":{"rendered":"ETIQUETA DE TAMANHO EM TECIDO ESTAMPADA PARA CONFEC\u00c7\u00c3O"},"content":{"rendered":"<p>ETIQUETAS DE TAMANHO ESTAMPADAS EM TECIDO, IDEAL PARA CONFEC\u00c7\u00d5ES DE ROUPAS EM GERAL.<\/p>\n<p>COMPOSI\u00c7\u00c3O: 100% POLI\u00c9STER<br \/>\nLARGURA: 1 CM<\/p>\n<p>ROLO COM 2000 ETIQUETAS<\/p>\n<p>**TRABALHAMOS COM OS TAMANHOS PP\/P\/M\/G\/GG\/EG\/EXG\/EXGG\/G1\/G2\/G3\/G4\/G5\/U\/RN\/0\/1\/2\/3\/4\/5\/6\/7\/8\/9\/10\/11\/12\/13\/14\/15\/16\/17\/18\/20\/36\/38\/40\/42\/44\/46\/48\/50\/52\/54\/56\/58\/60***<\/p>\n","protected":false},"excerpt":{"rendered":"<p>ETIQUETAS DE TAMANHO ESTAMPADAS EM TECIDO, IDEAL PARA CONFEC\u00c7\u00d5ES DE ROUPAS EM GERAL. COMPOSI\u00c7\u00c3O: 100% POLI\u00c9STER LARGURA: 1 CM ROLO COM 2000 ETIQUETAS **TRABALHAMOS COM OS<span class=\"excerpt-hellip\"> [\u2026]<\/span><\/p>\n","protected":false},"featured_media":4872,"template":"","meta":[],"product_brand":[],"product_cat":[1470],"product_tag":[981,1471,106],"class_list":{"0":"post-4821","1":"product","2":"type-product","3":"status-publish","4":"has-post-thumbnail","6":"product_cat-etiquetas","7":"product_tag-etiqueta","8":"product_tag-tamanho","9":"product_tag-tecido","11":"first","12":"instock","13":"shipping-taxable","14":"product-type-simple"},"_links":{"self":[{"href":"https:\/\/www.guigaaviamentos.com.br\/loja\/wp-json\/wp\/v2\/product\/4821","targetHints":{"allow":["GET"]}}],"collection":[{"href":"https:\/\/www.guigaaviamentos.com.br\/loja\/wp-json\/wp\/v2\/product"}],"about":[{"href":"https:\/\/www.guigaaviamentos.com.br\/loja\/wp-json\/wp\/v2\/types\/product"}],"wp:featuredmedia":[{"embeddable":true,"href":"https:\/\/www.guigaaviamentos.com.br\/loja\/wp-json\/wp\/v2\/media\/4872"}],"wp:attachment":[{"href":"https:\/\/www.guigaaviamentos.com.br\/loja\/wp-json\/wp\/v2\/media?parent=4821"}],"wp:term":[{"taxonomy":"product_brand","embeddable":true,"href":"https:\/\/www.guigaaviamentos.com.br\/loja\/wp-json\/wp\/v2\/product_brand?post=4821"},{"taxonomy":"product_cat","embeddable":true,"href":"https:\/\/www.guigaaviamentos.com.br\/loja\/wp-json\/wp\/v2\/product_cat?post=4821"},{"taxonomy":"product_tag","embeddable":true,"href":"https:\/\/www.guigaaviamentos.com.br\/loja\/wp-json\/wp\/v2\/product_tag?post=4821"}],"curies":[{"name":"wp","href":"https:\/\/api.w.org\/{rel}","templated":true}]}}