{"id":4727,"date":"2025-10-01T12:13:04","date_gmt":"2025-10-01T15:13:04","guid":{"rendered":"https:\/\/www.guigaaviamentos.com.br\/loja\/?post_type=product&#038;p=4727"},"modified":"2026-03-23T12:53:31","modified_gmt":"2026-03-23T15:53:31","slug":"tesoura-de-precisao-soft-4-ponta-fina-lanmax","status":"publish","type":"product","link":"https:\/\/www.guigaaviamentos.com.br\/loja\/produto\/tesoura-de-precisao-soft-4-ponta-fina-lanmax\/","title":{"rendered":"Tesoura de Precis\u00e3o Soft 4&#8243;  Ponta Fina Lanmax"},"content":{"rendered":"<p>A tesoura Lanmax LM-C004 \u00e9 perfeita para voc\u00ea que procura um acabamento fino e preciso em sua costura.<\/p>\n<p>Caracter\u00edsticas<br \/>\n*L\u00e2mina de a\u00e7o inox supre afiada;<br \/>\n*Cabo emborrachado (garantindo maior conforto durante o uso);<br \/>\n*Comprimento Total: 10,5cm;<br \/>\n*Comprimento da L\u00e2mina: 3,5cm.<\/p>\n","protected":false},"excerpt":{"rendered":"<p>A tesoura Lanmax LM-C004 \u00e9 perfeita para voc\u00ea que procura um acabamento fino e preciso em sua costura. Caracter\u00edsticas *L\u00e2mina de a\u00e7o inox supre afiada; *Cabo<span class=\"excerpt-hellip\"> [\u2026]<\/span><\/p>\n","protected":false},"featured_media":4728,"template":"","meta":[],"product_brand":[],"product_cat":[82,83],"product_tag":[137,112,1410,111],"class_list":{"0":"post-4727","1":"product","2":"type-product","3":"status-publish","4":"has-post-thumbnail","6":"product_cat-corte-costura","7":"product_cat-tesoura","8":"product_tag-bordado","9":"product_tag-lanmax","10":"product_tag-precisao","11":"product_tag-tesoura","13":"first","14":"instock","15":"shipping-taxable","16":"product-type-simple"},"_links":{"self":[{"href":"https:\/\/www.guigaaviamentos.com.br\/loja\/wp-json\/wp\/v2\/product\/4727","targetHints":{"allow":["GET"]}}],"collection":[{"href":"https:\/\/www.guigaaviamentos.com.br\/loja\/wp-json\/wp\/v2\/product"}],"about":[{"href":"https:\/\/www.guigaaviamentos.com.br\/loja\/wp-json\/wp\/v2\/types\/product"}],"wp:featuredmedia":[{"embeddable":true,"href":"https:\/\/www.guigaaviamentos.com.br\/loja\/wp-json\/wp\/v2\/media\/4728"}],"wp:attachment":[{"href":"https:\/\/www.guigaaviamentos.com.br\/loja\/wp-json\/wp\/v2\/media?parent=4727"}],"wp:term":[{"taxonomy":"product_brand","embeddable":true,"href":"https:\/\/www.guigaaviamentos.com.br\/loja\/wp-json\/wp\/v2\/product_brand?post=4727"},{"taxonomy":"product_cat","embeddable":true,"href":"https:\/\/www.guigaaviamentos.com.br\/loja\/wp-json\/wp\/v2\/product_cat?post=4727"},{"taxonomy":"product_tag","embeddable":true,"href":"https:\/\/www.guigaaviamentos.com.br\/loja\/wp-json\/wp\/v2\/product_tag?post=4727"}],"curies":[{"name":"wp","href":"https:\/\/api.w.org\/{rel}","templated":true}]}}