{"id":4723,"date":"2025-09-30T16:33:25","date_gmt":"2025-09-30T19:33:25","guid":{"rendered":"https:\/\/www.guigaaviamentos.com.br\/loja\/?post_type=product&#038;p=4723"},"modified":"2026-03-23T12:53:37","modified_gmt":"2026-03-23T15:53:37","slug":"calcador-pezinho-teflon-multiuso-com-rolete-rodinha-para-maquina-industrial-plastico-couro-nylon","status":"publish","type":"product","link":"https:\/\/www.guigaaviamentos.com.br\/loja\/produto\/calcador-pezinho-teflon-multiuso-com-rolete-rodinha-para-maquina-industrial-plastico-couro-nylon\/","title":{"rendered":"Calcador Pezinho Teflon Multiuso com Rolete Rodinha para M\u00e1quina Industrial Pl\u00e1stico\/Couro\/Nylon"},"content":{"rendered":"<p>\ud83d\udc49 Caracter\u00edsticas<br \/>\n\ud83d\udd39Material: Corpo em metal com base revestida de teflon (antideslizante e antiaderente).<br \/>\n\ud83d\udd39Rodinhas: Localizadas na parte inferior, auxiliam no deslizamento uniforme do tecido.<br \/>\n\ud83d\udd39Baixo atrito: Ideal para costurar materiais que \u201cgrudam\u201d ou travam no calcador comum.<br \/>\n\ud83d\udd39Durabilidade: Resistente ao desgaste, mesmo em costuras cont\u00ednuas.<br \/>\n\ud83d\udd39Compatibilidade: Utilizado em m\u00e1quinas industriais de costura reta.<\/p>\n<p>\ud83d\udc49 Principais aplica\u00e7\u00f5es:<br \/>\n\ud83d\udd39Tecidos pl\u00e1sticos: PVC, vinil, nylon plastificado.<br \/>\n\ud83d\udd39Materiais sint\u00e9ticos: Corino, couro sint\u00e9tico, courvin, PU.<br \/>\n\ud83d\udd39Couro natural: Facilita o transporte sem marcar o material.<br \/>\n\ud83d\udd39Tecidos engomados, encerados e resinosos.<\/p>\n<p>Muito usado na confec\u00e7\u00e3o de bolsas, estofados, cal\u00e7ados e acess\u00f3rios, onde h\u00e1 presen\u00e7a de materiais que prendem no calcador tradicional.<\/p>\n","protected":false},"excerpt":{"rendered":"<p>\ud83d\udc49 Caracter\u00edsticas \ud83d\udd39Material: Corpo em metal com base revestida de teflon (antideslizante e antiaderente). \ud83d\udd39Rodinhas: Localizadas na parte inferior, auxiliam no deslizamento uniforme do tecido. \ud83d\udd39Baixo<span class=\"excerpt-hellip\"> [\u2026]<\/span><\/p>\n","protected":false},"featured_media":4724,"template":"","meta":[],"product_brand":[],"product_cat":[1402],"product_tag":[131,1394,1409],"class_list":{"0":"post-4723","1":"product","2":"type-product","3":"status-publish","4":"has-post-thumbnail","6":"product_cat-calcadores","7":"product_tag-calcador","8":"product_tag-industrial","9":"product_tag-teflon","11":"first","12":"instock","13":"shipping-taxable","14":"product-type-simple"},"_links":{"self":[{"href":"https:\/\/www.guigaaviamentos.com.br\/loja\/wp-json\/wp\/v2\/product\/4723","targetHints":{"allow":["GET"]}}],"collection":[{"href":"https:\/\/www.guigaaviamentos.com.br\/loja\/wp-json\/wp\/v2\/product"}],"about":[{"href":"https:\/\/www.guigaaviamentos.com.br\/loja\/wp-json\/wp\/v2\/types\/product"}],"wp:featuredmedia":[{"embeddable":true,"href":"https:\/\/www.guigaaviamentos.com.br\/loja\/wp-json\/wp\/v2\/media\/4724"}],"wp:attachment":[{"href":"https:\/\/www.guigaaviamentos.com.br\/loja\/wp-json\/wp\/v2\/media?parent=4723"}],"wp:term":[{"taxonomy":"product_brand","embeddable":true,"href":"https:\/\/www.guigaaviamentos.com.br\/loja\/wp-json\/wp\/v2\/product_brand?post=4723"},{"taxonomy":"product_cat","embeddable":true,"href":"https:\/\/www.guigaaviamentos.com.br\/loja\/wp-json\/wp\/v2\/product_cat?post=4723"},{"taxonomy":"product_tag","embeddable":true,"href":"https:\/\/www.guigaaviamentos.com.br\/loja\/wp-json\/wp\/v2\/product_tag?post=4723"}],"curies":[{"name":"wp","href":"https:\/\/api.w.org\/{rel}","templated":true}]}}