{"id":4666,"date":"2025-09-30T15:22:39","date_gmt":"2025-09-30T18:22:39","guid":{"rendered":"https:\/\/www.guigaaviamentos.com.br\/loja\/?post_type=product&#038;p=4666"},"modified":"2026-03-23T12:55:06","modified_gmt":"2026-03-23T15:55:06","slug":"kit-com-25-bobinas-reta-industrial-estojo-organizador","status":"publish","type":"product","link":"https:\/\/www.guigaaviamentos.com.br\/loja\/produto\/kit-com-25-bobinas-reta-industrial-estojo-organizador\/","title":{"rendered":"KIT COM 25 BOBINAS RETA INDUSTRIAL + ESTOJO ORGANIZADOR"},"content":{"rendered":"<p>*****IMPORTANTE: BOBINAS BAIXAS PARA M\u00c1QUINA MODELO RETA INDUSTRIAL**<\/p>\n<p>***N\u00c3O FUNCIONAM EM M\u00c1QUINAS DOM\u00c9STICAS**<\/p>\n<p>*** N\u00c3O FUNCIONAM EM M\u00c1QUINA DE TRANSPORTE DUPLO E TRIPLO QUE UTILIZAM LAN\u00c7ADEIRA GRANDE******<\/p>\n","protected":false},"excerpt":{"rendered":"<p>*****IMPORTANTE: BOBINAS BAIXAS PARA M\u00c1QUINA MODELO RETA INDUSTRIAL** ***N\u00c3O FUNCIONAM EM M\u00c1QUINAS DOM\u00c9STICAS** *** N\u00c3O FUNCIONAM EM M\u00c1QUINA DE TRANSPORTE DUPLO E TRIPLO QUE UTILIZAM LAN\u00c7ADEIRA<span class=\"excerpt-hellip\"> [\u2026]<\/span><\/p>\n","protected":false},"featured_media":4667,"template":"","meta":[],"product_brand":[],"product_cat":[85,82],"product_tag":[1027,1393,1394],"class_list":{"0":"post-4666","1":"product","2":"type-product","3":"status-publish","4":"has-post-thumbnail","6":"product_cat-acessorios-costura","7":"product_cat-corte-costura","8":"product_tag-bobina","9":"product_tag-carretilha","10":"product_tag-industrial","12":"first","13":"instock","14":"shipping-taxable","15":"product-type-simple"},"_links":{"self":[{"href":"https:\/\/www.guigaaviamentos.com.br\/loja\/wp-json\/wp\/v2\/product\/4666","targetHints":{"allow":["GET"]}}],"collection":[{"href":"https:\/\/www.guigaaviamentos.com.br\/loja\/wp-json\/wp\/v2\/product"}],"about":[{"href":"https:\/\/www.guigaaviamentos.com.br\/loja\/wp-json\/wp\/v2\/types\/product"}],"wp:featuredmedia":[{"embeddable":true,"href":"https:\/\/www.guigaaviamentos.com.br\/loja\/wp-json\/wp\/v2\/media\/4667"}],"wp:attachment":[{"href":"https:\/\/www.guigaaviamentos.com.br\/loja\/wp-json\/wp\/v2\/media?parent=4666"}],"wp:term":[{"taxonomy":"product_brand","embeddable":true,"href":"https:\/\/www.guigaaviamentos.com.br\/loja\/wp-json\/wp\/v2\/product_brand?post=4666"},{"taxonomy":"product_cat","embeddable":true,"href":"https:\/\/www.guigaaviamentos.com.br\/loja\/wp-json\/wp\/v2\/product_cat?post=4666"},{"taxonomy":"product_tag","embeddable":true,"href":"https:\/\/www.guigaaviamentos.com.br\/loja\/wp-json\/wp\/v2\/product_tag?post=4666"}],"curies":[{"name":"wp","href":"https:\/\/api.w.org\/{rel}","templated":true}]}}