{"id":4186,"date":"2025-06-06T10:13:51","date_gmt":"2025-06-06T13:13:51","guid":{"rendered":"https:\/\/www.guigaaviamentos.com.br\/loja\/?post_type=product&#038;p=4186"},"modified":"2026-03-28T08:47:28","modified_gmt":"2026-03-28T11:47:28","slug":"elastico-jaragua-zanotti-preto","status":"publish","type":"product","link":"https:\/\/www.guigaaviamentos.com.br\/loja\/produto\/elastico-jaragua-zanotti-preto\/","title":{"rendered":"El\u00e1stico Jaragu\u00e1 &#8211; Zanotti  PRETO"},"content":{"rendered":"<p>El\u00e1stico Jaragu\u00e1 &#8211; Marca Zanotti<\/p>\n<p>Cor: Preto<\/p>\n<p>Rolos com 100 Metros &#8211; 9mm e 15 mm.<\/p>\n<p>Rolos com 25 Metros &#8211; 20 mm, 25 mm, 30 mm, 35 mm, 40 mm, 50 mm e 60 mm.<\/p>\n","protected":false},"excerpt":{"rendered":"<p>El\u00e1stico Jaragu\u00e1 &#8211; Marca Zanotti Cor: Preto Rolos com 100 Metros &#8211; 9mm e 15 mm. Rolos com 25 Metros &#8211; 20 mm, 25 mm, 30<span class=\"excerpt-hellip\"> [\u2026]<\/span><\/p>\n","protected":false},"featured_media":4199,"template":"","meta":[],"product_brand":[],"product_cat":[28,42],"product_tag":[115,116,1220,117],"class_list":{"0":"post-4186","1":"product","2":"type-product","3":"status-publish","4":"has-post-thumbnail","6":"product_cat-elastico","7":"product_cat-elastico-zanotti","8":"product_tag-elastico","9":"product_tag-jaragua","10":"product_tag-preto","11":"product_tag-zanotti","13":"first","14":"instock","15":"shipping-taxable","16":"product-type-simple"},"_links":{"self":[{"href":"https:\/\/www.guigaaviamentos.com.br\/loja\/wp-json\/wp\/v2\/product\/4186","targetHints":{"allow":["GET"]}}],"collection":[{"href":"https:\/\/www.guigaaviamentos.com.br\/loja\/wp-json\/wp\/v2\/product"}],"about":[{"href":"https:\/\/www.guigaaviamentos.com.br\/loja\/wp-json\/wp\/v2\/types\/product"}],"wp:featuredmedia":[{"embeddable":true,"href":"https:\/\/www.guigaaviamentos.com.br\/loja\/wp-json\/wp\/v2\/media\/4199"}],"wp:attachment":[{"href":"https:\/\/www.guigaaviamentos.com.br\/loja\/wp-json\/wp\/v2\/media?parent=4186"}],"wp:term":[{"taxonomy":"product_brand","embeddable":true,"href":"https:\/\/www.guigaaviamentos.com.br\/loja\/wp-json\/wp\/v2\/product_brand?post=4186"},{"taxonomy":"product_cat","embeddable":true,"href":"https:\/\/www.guigaaviamentos.com.br\/loja\/wp-json\/wp\/v2\/product_cat?post=4186"},{"taxonomy":"product_tag","embeddable":true,"href":"https:\/\/www.guigaaviamentos.com.br\/loja\/wp-json\/wp\/v2\/product_tag?post=4186"}],"curies":[{"name":"wp","href":"https:\/\/api.w.org\/{rel}","templated":true}]}}