{"id":4034,"date":"2025-06-06T10:28:59","date_gmt":"2025-06-06T13:28:59","guid":{"rendered":"https:\/\/www.guigaaviamentos.com.br\/loja\/?post_type=product&#038;p=4034"},"modified":"2026-03-28T08:37:18","modified_gmt":"2026-03-28T11:37:18","slug":"entretela-de-papel-com-cola-fiorella","status":"publish","type":"product","link":"https:\/\/www.guigaaviamentos.com.br\/loja\/produto\/entretela-de-papel-com-cola-fiorella\/","title":{"rendered":"Entretela de Papel com Cola &#8211; Fiorella"},"content":{"rendered":"<h6 class=\"font_8 wixui-rich-text__text\"><span class=\"wixui-rich-text__text\">Entretelas de rasgo f\u00e1cil para bordado e termocolantes para confec\u00e7\u00e3o. <\/span><\/h6>\n<h6 class=\"font_8 wixui-rich-text__text\"><span class=\"wixui-rich-text__text\">S\u00e3o diversas op\u00e7\u00f5es para atender aplica\u00e7\u00f5es diversas. \u00a0<\/span><\/h6>\n<p>Marca: Fiorella.<\/p>\n<p>Rolo com 50 metros.<\/p>\n<p>Gramaturas Dispon\u00edveis: TC30, TC40 e TC70<\/p>\n","protected":false},"excerpt":{"rendered":"<p>Entretelas de rasgo f\u00e1cil para bordado e termocolantes para confec\u00e7\u00e3o. S\u00e3o diversas op\u00e7\u00f5es para atender aplica\u00e7\u00f5es diversas. \u00a0 Marca: Fiorella. Rolo com 50 metros. Gramaturas Dispon\u00edveis:<span class=\"excerpt-hellip\"> [\u2026]<\/span><\/p>\n","protected":false},"featured_media":3379,"template":"","meta":[],"product_brand":[],"product_cat":[38,27],"product_tag":[105,885,886],"class_list":{"0":"post-4034","1":"product","2":"type-product","3":"status-publish","4":"has-post-thumbnail","6":"product_cat-entretela-colante","7":"product_cat-entretela","8":"product_tag-cola","9":"product_tag-entretela","10":"product_tag-fiorella","12":"first","13":"instock","14":"shipping-taxable","15":"product-type-simple"},"_links":{"self":[{"href":"https:\/\/www.guigaaviamentos.com.br\/loja\/wp-json\/wp\/v2\/product\/4034","targetHints":{"allow":["GET"]}}],"collection":[{"href":"https:\/\/www.guigaaviamentos.com.br\/loja\/wp-json\/wp\/v2\/product"}],"about":[{"href":"https:\/\/www.guigaaviamentos.com.br\/loja\/wp-json\/wp\/v2\/types\/product"}],"wp:featuredmedia":[{"embeddable":true,"href":"https:\/\/www.guigaaviamentos.com.br\/loja\/wp-json\/wp\/v2\/media\/3379"}],"wp:attachment":[{"href":"https:\/\/www.guigaaviamentos.com.br\/loja\/wp-json\/wp\/v2\/media?parent=4034"}],"wp:term":[{"taxonomy":"product_brand","embeddable":true,"href":"https:\/\/www.guigaaviamentos.com.br\/loja\/wp-json\/wp\/v2\/product_brand?post=4034"},{"taxonomy":"product_cat","embeddable":true,"href":"https:\/\/www.guigaaviamentos.com.br\/loja\/wp-json\/wp\/v2\/product_cat?post=4034"},{"taxonomy":"product_tag","embeddable":true,"href":"https:\/\/www.guigaaviamentos.com.br\/loja\/wp-json\/wp\/v2\/product_tag?post=4034"}],"curies":[{"name":"wp","href":"https:\/\/api.w.org\/{rel}","templated":true}]}}