{"id":3802,"date":"2025-06-06T10:57:23","date_gmt":"2025-06-06T13:57:23","guid":{"rendered":"https:\/\/www.guigaaviamentos.com.br\/loja\/?post_type=product&#038;p=3802"},"modified":"2026-03-27T16:28:36","modified_gmt":"2026-03-27T19:28:36","slug":"tesoura-pic-de-arremate-tecelao","status":"publish","type":"product","link":"https:\/\/www.guigaaviamentos.com.br\/loja\/produto\/tesoura-pic-de-arremate-tecelao\/","title":{"rendered":"Tesoura Pic de Arremate Tecel\u00e3o"},"content":{"rendered":"<p>******Tesoura de Arremate Lanmax*******<\/p>\n<p>Tesoura ideal para dar acabamento e refilar pe\u00e7as com precis\u00e3o em seu ateli\u00ea e confec\u00e7\u00e3o. Possui formato anat\u00f4mico com apoio para o dedo, garantindo mais conforto durante o uso. Ponta fina e precisa.<\/p>\n<p>**AS CORES DAS TESOURAS S\u00c3O ENVIADAS ALEATORIAMENTE, CONFORME DISPONIBILIDADE DE ESTOQUE.**<\/p>\n<p>Caixa &#8211; 12 Unidades.<\/p>\n","protected":false},"excerpt":{"rendered":"<p>******Tesoura de Arremate Lanmax******* Tesoura ideal para dar acabamento e refilar pe\u00e7as com precis\u00e3o em seu ateli\u00ea e confec\u00e7\u00e3o. Possui formato anat\u00f4mico com apoio para o<span class=\"excerpt-hellip\"> [\u2026]<\/span><\/p>\n","protected":false},"featured_media":3805,"template":"","meta":[],"product_brand":[],"product_cat":[82,83],"product_tag":[1136,947],"class_list":{"0":"post-3802","1":"product","2":"type-product","3":"status-publish","4":"has-post-thumbnail","6":"product_cat-corte-costura","7":"product_cat-tesoura","8":"product_tag-arremate","9":"product_tag-pic","11":"first","12":"instock","13":"shipping-taxable","14":"product-type-simple"},"_links":{"self":[{"href":"https:\/\/www.guigaaviamentos.com.br\/loja\/wp-json\/wp\/v2\/product\/3802","targetHints":{"allow":["GET"]}}],"collection":[{"href":"https:\/\/www.guigaaviamentos.com.br\/loja\/wp-json\/wp\/v2\/product"}],"about":[{"href":"https:\/\/www.guigaaviamentos.com.br\/loja\/wp-json\/wp\/v2\/types\/product"}],"wp:featuredmedia":[{"embeddable":true,"href":"https:\/\/www.guigaaviamentos.com.br\/loja\/wp-json\/wp\/v2\/media\/3805"}],"wp:attachment":[{"href":"https:\/\/www.guigaaviamentos.com.br\/loja\/wp-json\/wp\/v2\/media?parent=3802"}],"wp:term":[{"taxonomy":"product_brand","embeddable":true,"href":"https:\/\/www.guigaaviamentos.com.br\/loja\/wp-json\/wp\/v2\/product_brand?post=3802"},{"taxonomy":"product_cat","embeddable":true,"href":"https:\/\/www.guigaaviamentos.com.br\/loja\/wp-json\/wp\/v2\/product_cat?post=3802"},{"taxonomy":"product_tag","embeddable":true,"href":"https:\/\/www.guigaaviamentos.com.br\/loja\/wp-json\/wp\/v2\/product_tag?post=3802"}],"curies":[{"name":"wp","href":"https:\/\/api.w.org\/{rel}","templated":true}]}}