{"id":3799,"date":"2025-06-06T11:36:10","date_gmt":"2025-06-06T14:36:10","guid":{"rendered":"https:\/\/www.guigaaviamentos.com.br\/loja\/?post_type=product&#038;p=3799"},"modified":"2026-03-27T15:15:39","modified_gmt":"2026-03-27T18:15:39","slug":"tesoura-arremate-golden-eagle","status":"publish","type":"product","link":"https:\/\/www.guigaaviamentos.com.br\/loja\/produto\/tesoura-arremate-golden-eagle\/","title":{"rendered":"Tesoura Arremate Golden Eagle"},"content":{"rendered":"<p class=\"QN2lPu\">Tesoura Arremate Golden Eagle Tic Tac<\/p>\n<p class=\"QN2lPu\">Material: Ferro com cabo de pl\u00e1stico<\/p>\n<p class=\"QN2lPu\">Descri\u00e7\u00e3o: \u00d3tima tesourinha de arremate para acabamentos<\/p>\n<p class=\"QN2lPu\">Cuidados: Mant\u00ea-las sempre limpas e secas, coloque uma gota de \u00f3leo lubrificante entre as l\u00e2minas sempre que for utiliza-las<\/p>\n<p>** Caixa = Cartela c\/ 12 unidade**<\/p>\n<p class=\"QN2lPu\">\n","protected":false},"excerpt":{"rendered":"<p>Tesoura Arremate Golden Eagle Tic Tac Material: Ferro com cabo de pl\u00e1stico Descri\u00e7\u00e3o: \u00d3tima tesourinha de arremate para acabamentos Cuidados: Mant\u00ea-las sempre limpas e secas, coloque<span class=\"excerpt-hellip\"> [\u2026]<\/span><\/p>\n","protected":false},"featured_media":3315,"template":"","meta":[],"product_brand":[],"product_cat":[82,83],"product_tag":[1136,1137,947],"class_list":{"0":"post-3799","1":"product","2":"type-product","3":"status-publish","4":"has-post-thumbnail","6":"product_cat-corte-costura","7":"product_cat-tesoura","8":"product_tag-arremate","9":"product_tag-golden-eagle","10":"product_tag-pic","12":"first","13":"instock","14":"shipping-taxable","15":"product-type-simple"},"_links":{"self":[{"href":"https:\/\/www.guigaaviamentos.com.br\/loja\/wp-json\/wp\/v2\/product\/3799","targetHints":{"allow":["GET"]}}],"collection":[{"href":"https:\/\/www.guigaaviamentos.com.br\/loja\/wp-json\/wp\/v2\/product"}],"about":[{"href":"https:\/\/www.guigaaviamentos.com.br\/loja\/wp-json\/wp\/v2\/types\/product"}],"wp:featuredmedia":[{"embeddable":true,"href":"https:\/\/www.guigaaviamentos.com.br\/loja\/wp-json\/wp\/v2\/media\/3315"}],"wp:attachment":[{"href":"https:\/\/www.guigaaviamentos.com.br\/loja\/wp-json\/wp\/v2\/media?parent=3799"}],"wp:term":[{"taxonomy":"product_brand","embeddable":true,"href":"https:\/\/www.guigaaviamentos.com.br\/loja\/wp-json\/wp\/v2\/product_brand?post=3799"},{"taxonomy":"product_cat","embeddable":true,"href":"https:\/\/www.guigaaviamentos.com.br\/loja\/wp-json\/wp\/v2\/product_cat?post=3799"},{"taxonomy":"product_tag","embeddable":true,"href":"https:\/\/www.guigaaviamentos.com.br\/loja\/wp-json\/wp\/v2\/product_tag?post=3799"}],"curies":[{"name":"wp","href":"https:\/\/api.w.org\/{rel}","templated":true}]}}