{"id":3787,"date":"2025-06-06T11:40:14","date_gmt":"2025-06-06T14:40:14","guid":{"rendered":"https:\/\/www.guigaaviamentos.com.br\/loja\/?post_type=product&#038;p=3787"},"modified":"2026-03-27T15:12:07","modified_gmt":"2026-03-27T18:12:07","slug":"tesoura-alfaiate-titanium-lanmax-corte-profissional","status":"publish","type":"product","link":"https:\/\/www.guigaaviamentos.com.br\/loja\/produto\/tesoura-alfaiate-titanium-lanmax-corte-profissional\/","title":{"rendered":"TESOURA ALFAIATE TITANIUM LANMAX CORTE PROFISSIONAL"},"content":{"rendered":"<p>A TESOURA DE ALFAIATE PROFISSIONAL DA LANMAX \u00c9 O MODELO PERFEITO DE TESOURA PARA VOC\u00ca QUE PROCURA CORTES PRECISOS E COM \u00d3TIMO ACABAMENTO. SUA L\u00c2MINA TITANIUM GARANTE UM CORTE LEVE, PRECISO SEM ESFOR\u00c7O, E POSSUI TRATAMENTO T\u00c9RMICO JAPON\u00caS EM SUA L\u00c2MINA PARA GARANTIR QUE A TESOURA N\u00c3O ESQUENTE NO CORTE DE MATERIAIS SINT\u00c9TICOS.<\/p>\n<p>****GARANTIA DE QUALIDADE TOTAL*****<\/p>\n<p>DISPON\u00cdVEL EM 4 TAMANHOS, PARA MELHOR TE ATENDER<\/p>\n<p>*8 POLEGADAS &#8211; TAMANHO DA TESOURA 22CM;<br \/>\n*9 POLEGADAS &#8211; TAMANHO DA TESOURA 23CM;<br \/>\n*10 POLEGADAS &#8211; TAMANHO DA TESOURA 25CM;<br \/>\n*12 POLEGADAS TAMANHO DA TESOURA 29CM.<\/p>\n","protected":false},"excerpt":{"rendered":"<p>A TESOURA DE ALFAIATE PROFISSIONAL DA LANMAX \u00c9 O MODELO PERFEITO DE TESOURA PARA VOC\u00ca QUE PROCURA CORTES PRECISOS E COM \u00d3TIMO ACABAMENTO. SUA L\u00c2MINA TITANIUM<span class=\"excerpt-hellip\"> [\u2026]<\/span><\/p>\n","protected":false},"featured_media":3792,"template":"","meta":[],"product_brand":[],"product_cat":[82,83],"product_tag":[1135,112,111],"class_list":{"0":"post-3787","1":"product","2":"type-product","3":"status-publish","4":"has-post-thumbnail","6":"product_cat-corte-costura","7":"product_cat-tesoura","8":"product_tag-alfaiate","9":"product_tag-lanmax","10":"product_tag-tesoura","12":"first","13":"instock","14":"shipping-taxable","15":"product-type-simple"},"_links":{"self":[{"href":"https:\/\/www.guigaaviamentos.com.br\/loja\/wp-json\/wp\/v2\/product\/3787","targetHints":{"allow":["GET"]}}],"collection":[{"href":"https:\/\/www.guigaaviamentos.com.br\/loja\/wp-json\/wp\/v2\/product"}],"about":[{"href":"https:\/\/www.guigaaviamentos.com.br\/loja\/wp-json\/wp\/v2\/types\/product"}],"wp:featuredmedia":[{"embeddable":true,"href":"https:\/\/www.guigaaviamentos.com.br\/loja\/wp-json\/wp\/v2\/media\/3792"}],"wp:attachment":[{"href":"https:\/\/www.guigaaviamentos.com.br\/loja\/wp-json\/wp\/v2\/media?parent=3787"}],"wp:term":[{"taxonomy":"product_brand","embeddable":true,"href":"https:\/\/www.guigaaviamentos.com.br\/loja\/wp-json\/wp\/v2\/product_brand?post=3787"},{"taxonomy":"product_cat","embeddable":true,"href":"https:\/\/www.guigaaviamentos.com.br\/loja\/wp-json\/wp\/v2\/product_cat?post=3787"},{"taxonomy":"product_tag","embeddable":true,"href":"https:\/\/www.guigaaviamentos.com.br\/loja\/wp-json\/wp\/v2\/product_tag?post=3787"}],"curies":[{"name":"wp","href":"https:\/\/api.w.org\/{rel}","templated":true}]}}