{"id":3782,"date":"2025-06-06T10:20:43","date_gmt":"2025-06-06T13:20:43","guid":{"rendered":"https:\/\/www.guigaaviamentos.com.br\/loja\/?post_type=product&#038;p=3782"},"modified":"2026-03-28T08:45:31","modified_gmt":"2026-03-28T11:45:31","slug":"giz-de-alfaiate-soft-para-corte-e-costura","status":"publish","type":"product","link":"https:\/\/www.guigaaviamentos.com.br\/loja\/produto\/giz-de-alfaiate-soft-para-corte-e-costura\/","title":{"rendered":"GIZ DE ALFAIATE SOFT PARA CORTE E COSTURA"},"content":{"rendered":"<p>O GIZ CRA\u00ca \u00c9 O MODELO PERFEITO PARA MARCA\u00c7\u00c3O NOS MAIS DIVERSOS TECIDOS. POSSUI RISCO MACIO , SAI SUPER F\u00c1CIL DO TECIDO AP\u00d3S O FIM DA COSTURA (BASTA UMA LEVE &#8220;BATIDINHA&#8221; OU O CONTATO COM UM POUCO DE \u00c1GUA) E TEM UMA VARIEDADE \u00d3TIMA DE CORES, PROPORCIONANDO O RISCO EM QUALQUER COR DE TECIDO.<\/p>\n<p>A CAIXA CONT\u00c9M 24 UNIDADES DE GIZ,\u00a0 EM CORES SORTIDAS.<\/p>\n<p>&nbsp;<\/p>\n","protected":false},"excerpt":{"rendered":"<p>O GIZ CRA\u00ca \u00c9 O MODELO PERFEITO PARA MARCA\u00c7\u00c3O NOS MAIS DIVERSOS TECIDOS. POSSUI RISCO MACIO , SAI SUPER F\u00c1CIL DO TECIDO AP\u00d3S O FIM DA<span class=\"excerpt-hellip\"> [\u2026]<\/span><\/p>\n","protected":false},"featured_media":3419,"template":"","meta":[],"product_brand":[],"product_cat":[85,82],"product_tag":[1130,1126],"class_list":{"0":"post-3782","1":"product","2":"type-product","3":"status-publish","4":"has-post-thumbnail","6":"product_cat-acessorios-costura","7":"product_cat-corte-costura","8":"product_tag-crae","9":"product_tag-giz","11":"first","12":"instock","13":"shipping-taxable","14":"product-type-simple"},"_links":{"self":[{"href":"https:\/\/www.guigaaviamentos.com.br\/loja\/wp-json\/wp\/v2\/product\/3782","targetHints":{"allow":["GET"]}}],"collection":[{"href":"https:\/\/www.guigaaviamentos.com.br\/loja\/wp-json\/wp\/v2\/product"}],"about":[{"href":"https:\/\/www.guigaaviamentos.com.br\/loja\/wp-json\/wp\/v2\/types\/product"}],"wp:featuredmedia":[{"embeddable":true,"href":"https:\/\/www.guigaaviamentos.com.br\/loja\/wp-json\/wp\/v2\/media\/3419"}],"wp:attachment":[{"href":"https:\/\/www.guigaaviamentos.com.br\/loja\/wp-json\/wp\/v2\/media?parent=3782"}],"wp:term":[{"taxonomy":"product_brand","embeddable":true,"href":"https:\/\/www.guigaaviamentos.com.br\/loja\/wp-json\/wp\/v2\/product_brand?post=3782"},{"taxonomy":"product_cat","embeddable":true,"href":"https:\/\/www.guigaaviamentos.com.br\/loja\/wp-json\/wp\/v2\/product_cat?post=3782"},{"taxonomy":"product_tag","embeddable":true,"href":"https:\/\/www.guigaaviamentos.com.br\/loja\/wp-json\/wp\/v2\/product_tag?post=3782"}],"curies":[{"name":"wp","href":"https:\/\/api.w.org\/{rel}","templated":true}]}}