{"id":3772,"date":"2025-06-06T11:47:03","date_gmt":"2025-06-06T14:47:03","guid":{"rendered":"https:\/\/www.guigaaviamentos.com.br\/loja\/?post_type=product&#038;p=3772"},"modified":"2026-03-27T13:33:52","modified_gmt":"2026-03-27T16:33:52","slug":"lapis-de-marcacao-sai-com-agua","status":"publish","type":"product","link":"https:\/\/www.guigaaviamentos.com.br\/loja\/produto\/lapis-de-marcacao-sai-com-agua\/","title":{"rendered":"L\u00c1PIS DE MARCA\u00c7\u00c3O &#8211; SAI COM \u00c1GUA"},"content":{"rendered":"<p>L\u00e1pis de marca\u00e7\u00e3o de tecidos que sai com \u00e1gua.<\/p>\n<p>Marca: NYBC.<\/p>\n<p>Cores Dispon\u00edveis: Amarelo, Azul, Branco, Preto, Verde e Vermelho.<\/p>\n","protected":false},"excerpt":{"rendered":"<p>L\u00e1pis de marca\u00e7\u00e3o de tecidos que sai com \u00e1gua. Marca: NYBC. Cores Dispon\u00edveis: Amarelo, Azul, Branco, Preto, Verde e Vermelho.<\/p>\n","protected":false},"featured_media":3422,"template":"","meta":[],"product_brand":[],"product_cat":[85,82],"product_tag":[1121,1123,1122],"class_list":{"0":"post-3772","1":"product","2":"type-product","3":"status-publish","4":"has-post-thumbnail","6":"product_cat-acessorios-costura","7":"product_cat-corte-costura","8":"product_tag-lapis","9":"product_tag-marcacao","10":"product_tag-nybc","12":"first","13":"instock","14":"shipping-taxable","15":"product-type-simple"},"_links":{"self":[{"href":"https:\/\/www.guigaaviamentos.com.br\/loja\/wp-json\/wp\/v2\/product\/3772","targetHints":{"allow":["GET"]}}],"collection":[{"href":"https:\/\/www.guigaaviamentos.com.br\/loja\/wp-json\/wp\/v2\/product"}],"about":[{"href":"https:\/\/www.guigaaviamentos.com.br\/loja\/wp-json\/wp\/v2\/types\/product"}],"wp:featuredmedia":[{"embeddable":true,"href":"https:\/\/www.guigaaviamentos.com.br\/loja\/wp-json\/wp\/v2\/media\/3422"}],"wp:attachment":[{"href":"https:\/\/www.guigaaviamentos.com.br\/loja\/wp-json\/wp\/v2\/media?parent=3772"}],"wp:term":[{"taxonomy":"product_brand","embeddable":true,"href":"https:\/\/www.guigaaviamentos.com.br\/loja\/wp-json\/wp\/v2\/product_brand?post=3772"},{"taxonomy":"product_cat","embeddable":true,"href":"https:\/\/www.guigaaviamentos.com.br\/loja\/wp-json\/wp\/v2\/product_cat?post=3772"},{"taxonomy":"product_tag","embeddable":true,"href":"https:\/\/www.guigaaviamentos.com.br\/loja\/wp-json\/wp\/v2\/product_tag?post=3772"}],"curies":[{"name":"wp","href":"https:\/\/api.w.org\/{rel}","templated":true}]}}