{"id":3764,"date":"2025-06-05T16:40:55","date_gmt":"2025-06-05T19:40:55","guid":{"rendered":"https:\/\/www.guigaaviamentos.com.br\/loja\/?post_type=product&#038;p=3764"},"modified":"2026-03-23T12:56:07","modified_gmt":"2026-03-23T15:56:07","slug":"ventilador-portatil-bivolt-universal-com-ima-para-maquina-de-costura","status":"publish","type":"product","link":"https:\/\/www.guigaaviamentos.com.br\/loja\/produto\/ventilador-portatil-bivolt-universal-com-ima-para-maquina-de-costura\/","title":{"rendered":"VENTILADOR PORT\u00c1TIL BIVOLT UNIVERSAL COM IM\u00c3 PARA M\u00c1QUINA DE COSTURA"},"content":{"rendered":"<p>***CHEGA DE PASSAR CALOR ENQUANTO COSTURA!!!****<\/p>\n<p>O VENTILADOR PORT\u00c1TIL DA LANMAX \u00c9 A SOLI\u00c7\u00c3O PERFEITA PARA COSTURAR EM DIAS QUENTES. SUPER ECON\u00d4MICO, BIVOLT, ADAPT\u00c1VEL EM QUALQUER SUPERF\u00cdCIE MET\u00c1LICA E POSSUI HASTE TOTALMENTE FLEX\u00cdVEL, PODENDO SER AJUSTADO NA POSI\u00c7\u00c3O QUE FIQUE MAIS CONFORT\u00c1VEL PARA VOC\u00ca. TAMB\u00c9M PERMITE QUE SEJA LIGADO DIRETO NA TOMADA (J\u00c1 ACOMPANHA O PLUG NO PADR\u00c3O BRASIL) OU DIRETAMENTE NO USB.<\/p>\n<p>CARACTER\u00cdSTICAS<br \/>\n*BIVOLT;<br \/>\n*3 N\u00cdVEIS DE VELOCIDADE;<br \/>\n*IM\u00c3 PARA FIXA\u00c7\u00c3O;<br \/>\n*DECIB\u00c9IS: 40-53 bB;<br \/>\n*VELOCIDADE DO VENTO: 4.5\/5.9\/6.9 lfm;<br \/>\n*POT\u00caNCIA: 2-4W<br \/>\n*FREQU\u00caNCIA: 50HZ\/60HZ<\/p>\n","protected":false},"excerpt":{"rendered":"<p>***CHEGA DE PASSAR CALOR ENQUANTO COSTURA!!!**** O VENTILADOR PORT\u00c1TIL DA LANMAX \u00c9 A SOLI\u00c7\u00c3O PERFEITA PARA COSTURAR EM DIAS QUENTES. SUPER ECON\u00d4MICO, BIVOLT, ADAPT\u00c1VEL EM QUALQUER<span class=\"excerpt-hellip\"> [\u2026]<\/span><\/p>\n","protected":false},"featured_media":3765,"template":"","meta":[],"product_brand":[],"product_cat":[85,82],"product_tag":[112,1099,1113],"class_list":{"0":"post-3764","1":"product","2":"type-product","3":"status-publish","4":"has-post-thumbnail","6":"product_cat-acessorios-costura","7":"product_cat-corte-costura","8":"product_tag-lanmax","9":"product_tag-portatil","10":"product_tag-ventilador","12":"first","13":"instock","14":"shipping-taxable","15":"product-type-simple"},"_links":{"self":[{"href":"https:\/\/www.guigaaviamentos.com.br\/loja\/wp-json\/wp\/v2\/product\/3764","targetHints":{"allow":["GET"]}}],"collection":[{"href":"https:\/\/www.guigaaviamentos.com.br\/loja\/wp-json\/wp\/v2\/product"}],"about":[{"href":"https:\/\/www.guigaaviamentos.com.br\/loja\/wp-json\/wp\/v2\/types\/product"}],"wp:featuredmedia":[{"embeddable":true,"href":"https:\/\/www.guigaaviamentos.com.br\/loja\/wp-json\/wp\/v2\/media\/3765"}],"wp:attachment":[{"href":"https:\/\/www.guigaaviamentos.com.br\/loja\/wp-json\/wp\/v2\/media?parent=3764"}],"wp:term":[{"taxonomy":"product_brand","embeddable":true,"href":"https:\/\/www.guigaaviamentos.com.br\/loja\/wp-json\/wp\/v2\/product_brand?post=3764"},{"taxonomy":"product_cat","embeddable":true,"href":"https:\/\/www.guigaaviamentos.com.br\/loja\/wp-json\/wp\/v2\/product_cat?post=3764"},{"taxonomy":"product_tag","embeddable":true,"href":"https:\/\/www.guigaaviamentos.com.br\/loja\/wp-json\/wp\/v2\/product_tag?post=3764"}],"curies":[{"name":"wp","href":"https:\/\/api.w.org\/{rel}","templated":true}]}}