{"id":3757,"date":"2025-06-06T11:50:11","date_gmt":"2025-06-06T14:50:11","guid":{"rendered":"https:\/\/www.guigaaviamentos.com.br\/loja\/?post_type=product&#038;p=3757"},"modified":"2026-03-27T13:07:24","modified_gmt":"2026-03-27T16:07:24","slug":"refil-para-caneta-fantasminha","status":"publish","type":"product","link":"https:\/\/www.guigaaviamentos.com.br\/loja\/produto\/refil-para-caneta-fantasminha\/","title":{"rendered":"Refil para Caneta Fantasminha"},"content":{"rendered":"<p>O Refil da Caneta Fantasminha possui um risco fino e preciso, e a marca\u00e7\u00e3o sai em contato com a temperatura do ferro ou pela fric\u00e7\u00e3o com a ponta emborrachada da caneta.<\/p>\n<p>MARCA: Importado<\/p>\n<p>Dispon\u00edvel nas cores: Azul, Preto, Rosa, Roxo, Verde, Marrom e Vermelho.<\/p>\n","protected":false},"excerpt":{"rendered":"<p>O Refil da Caneta Fantasminha possui um risco fino e preciso, e a marca\u00e7\u00e3o sai em contato com a temperatura do ferro ou pela fric\u00e7\u00e3o com<span class=\"excerpt-hellip\"> [\u2026]<\/span><\/p>\n","protected":false},"featured_media":3413,"template":"","meta":[],"product_brand":[],"product_cat":[79,85,82,76],"product_tag":[1095,1096,1111],"class_list":{"0":"post-3757","1":"product","2":"type-product","3":"status-publish","4":"has-post-thumbnail","6":"product_cat-patchwork-acessorios","7":"product_cat-acessorios-costura","8":"product_cat-corte-costura","9":"product_cat-patchwork","10":"product_tag-caneta","11":"product_tag-fantasminha","12":"product_tag-refil","14":"first","15":"instock","16":"shipping-taxable","17":"product-type-simple"},"_links":{"self":[{"href":"https:\/\/www.guigaaviamentos.com.br\/loja\/wp-json\/wp\/v2\/product\/3757","targetHints":{"allow":["GET"]}}],"collection":[{"href":"https:\/\/www.guigaaviamentos.com.br\/loja\/wp-json\/wp\/v2\/product"}],"about":[{"href":"https:\/\/www.guigaaviamentos.com.br\/loja\/wp-json\/wp\/v2\/types\/product"}],"wp:featuredmedia":[{"embeddable":true,"href":"https:\/\/www.guigaaviamentos.com.br\/loja\/wp-json\/wp\/v2\/media\/3413"}],"wp:attachment":[{"href":"https:\/\/www.guigaaviamentos.com.br\/loja\/wp-json\/wp\/v2\/media?parent=3757"}],"wp:term":[{"taxonomy":"product_brand","embeddable":true,"href":"https:\/\/www.guigaaviamentos.com.br\/loja\/wp-json\/wp\/v2\/product_brand?post=3757"},{"taxonomy":"product_cat","embeddable":true,"href":"https:\/\/www.guigaaviamentos.com.br\/loja\/wp-json\/wp\/v2\/product_cat?post=3757"},{"taxonomy":"product_tag","embeddable":true,"href":"https:\/\/www.guigaaviamentos.com.br\/loja\/wp-json\/wp\/v2\/product_tag?post=3757"}],"curies":[{"name":"wp","href":"https:\/\/api.w.org\/{rel}","templated":true}]}}