{"id":3745,"date":"2025-06-05T16:40:35","date_gmt":"2025-06-05T19:40:35","guid":{"rendered":"https:\/\/www.guigaaviamentos.com.br\/loja\/?post_type=product&#038;p=3745"},"modified":"2026-03-23T12:56:13","modified_gmt":"2026-03-23T15:56:13","slug":"luminaria-lampada-de-20-leds-flexivel-com-ima-para-maquina-de-costura","status":"publish","type":"product","link":"https:\/\/www.guigaaviamentos.com.br\/loja\/produto\/luminaria-lampada-de-20-leds-flexivel-com-ima-para-maquina-de-costura\/","title":{"rendered":"Lumin\u00e1ria L\u00e2mpada de 20 Leds Flex\u00edvel com Im\u00e3 para M\u00e1quina de Costura"},"content":{"rendered":"<p>A lumin\u00e1ria Led LM-20 Lanmax \u00e9 o modelo perfeito para voc\u00ea costureira que precisa de ilumina\u00e7\u00e3o extra na sua m\u00e1quina de costura. Possui um im\u00e3 de forte fixa\u00e7\u00e3o que permite ser colocada em qualquer modelo de m\u00e1quina de costura e haste flex\u00edvel para focar no ponto que mais te auxilie.<\/p>\n<p>**LED SUPER POTENTE E COM ALTO PODER DE ILUMINA\u00c7\u00c3O &#8211; QUALIDADE GARANTIDA**<\/p>\n<p>CARACTER\u00cdSTICAS<br \/>\n*BIVOLT (FUNCIONA EM 110V E 220V);<br \/>\n*POT\u00caNCIA: 0.5W-4W;<br \/>\n*FREQU\u00caNCIA: 50Hz-60Hz;<br \/>\n*COMPRIMENTO DO FIO: 1,30 METRO;<br \/>\n*QUANTIDADE DE LEDS: 20<br \/>\n*MARCA: LANMAX<\/p>\n","protected":false},"excerpt":{"rendered":"<p>A lumin\u00e1ria Led LM-20 Lanmax \u00e9 o modelo perfeito para voc\u00ea costureira que precisa de ilumina\u00e7\u00e3o extra na sua m\u00e1quina de costura. Possui um im\u00e3 de<span class=\"excerpt-hellip\"> [\u2026]<\/span><\/p>\n","protected":false},"featured_media":3746,"template":"","meta":[],"product_brand":[],"product_cat":[79,85,82,76],"product_tag":[112,135,134],"class_list":{"0":"post-3745","1":"product","2":"type-product","3":"status-publish","4":"has-post-thumbnail","6":"product_cat-patchwork-acessorios","7":"product_cat-acessorios-costura","8":"product_cat-corte-costura","9":"product_cat-patchwork","10":"product_tag-lanmax","11":"product_tag-led","12":"product_tag-luminaria","14":"first","15":"instock","16":"shipping-taxable","17":"product-type-simple"},"_links":{"self":[{"href":"https:\/\/www.guigaaviamentos.com.br\/loja\/wp-json\/wp\/v2\/product\/3745","targetHints":{"allow":["GET"]}}],"collection":[{"href":"https:\/\/www.guigaaviamentos.com.br\/loja\/wp-json\/wp\/v2\/product"}],"about":[{"href":"https:\/\/www.guigaaviamentos.com.br\/loja\/wp-json\/wp\/v2\/types\/product"}],"wp:featuredmedia":[{"embeddable":true,"href":"https:\/\/www.guigaaviamentos.com.br\/loja\/wp-json\/wp\/v2\/media\/3746"}],"wp:attachment":[{"href":"https:\/\/www.guigaaviamentos.com.br\/loja\/wp-json\/wp\/v2\/media?parent=3745"}],"wp:term":[{"taxonomy":"product_brand","embeddable":true,"href":"https:\/\/www.guigaaviamentos.com.br\/loja\/wp-json\/wp\/v2\/product_brand?post=3745"},{"taxonomy":"product_cat","embeddable":true,"href":"https:\/\/www.guigaaviamentos.com.br\/loja\/wp-json\/wp\/v2\/product_cat?post=3745"},{"taxonomy":"product_tag","embeddable":true,"href":"https:\/\/www.guigaaviamentos.com.br\/loja\/wp-json\/wp\/v2\/product_tag?post=3745"}],"curies":[{"name":"wp","href":"https:\/\/api.w.org\/{rel}","templated":true}]}}