{"id":3735,"date":"2025-06-06T11:56:58","date_gmt":"2025-06-06T14:56:58","guid":{"rendered":"https:\/\/www.guigaaviamentos.com.br\/loja\/?post_type=product&#038;p=3735"},"modified":"2026-03-27T12:48:34","modified_gmt":"2026-03-27T15:48:34","slug":"agulha-para-maquina-domestica-hax1-lanmax","status":"publish","type":"product","link":"https:\/\/www.guigaaviamentos.com.br\/loja\/produto\/agulha-para-maquina-domestica-hax1-lanmax\/","title":{"rendered":"Agulha para M\u00e1quina Dom\u00e9stica HAx1 \u2013 Lanmax"},"content":{"rendered":"<p>Agulha compat\u00edvel com m\u00e1quinas caseiras e de bordado dom\u00e9sticas (Ex. Brother e Elgin) \u2013 Marca Lanmax<\/p>\n<p><strong>Pacote com 10 agulhas<\/strong><\/p>\n<p>Dispon\u00edvel nas Numera\u00e7\u00f5es: 9 \/ 10 \/ 11 \/ 12 \/ 14 \/ 16 \/ 18 \/ 20.<\/p>\n","protected":false},"excerpt":{"rendered":"<p>Agulha compat\u00edvel com m\u00e1quinas caseiras e de bordado dom\u00e9sticas (Ex. Brother e Elgin) \u2013 Marca Lanmax Pacote com 10 agulhas Dispon\u00edvel nas Numera\u00e7\u00f5es: 9 \/ 10<span class=\"excerpt-hellip\"> [\u2026]<\/span><\/p>\n","protected":false},"featured_media":3726,"template":"","meta":[],"product_brand":[],"product_cat":[30,44],"product_tag":[1043,1105,1049,1051,112],"class_list":{"0":"post-3735","1":"product","2":"type-product","3":"status-publish","4":"has-post-thumbnail","6":"product_cat-agulha","7":"product_cat-agulha-maquina","8":"product_tag-agulha-maquina","9":"product_tag-bordado-domestica","10":"product_tag-caseira","11":"product_tag-hax1","12":"product_tag-lanmax","14":"first","15":"instock","16":"shipping-taxable","17":"product-type-simple"},"_links":{"self":[{"href":"https:\/\/www.guigaaviamentos.com.br\/loja\/wp-json\/wp\/v2\/product\/3735","targetHints":{"allow":["GET"]}}],"collection":[{"href":"https:\/\/www.guigaaviamentos.com.br\/loja\/wp-json\/wp\/v2\/product"}],"about":[{"href":"https:\/\/www.guigaaviamentos.com.br\/loja\/wp-json\/wp\/v2\/types\/product"}],"wp:featuredmedia":[{"embeddable":true,"href":"https:\/\/www.guigaaviamentos.com.br\/loja\/wp-json\/wp\/v2\/media\/3726"}],"wp:attachment":[{"href":"https:\/\/www.guigaaviamentos.com.br\/loja\/wp-json\/wp\/v2\/media?parent=3735"}],"wp:term":[{"taxonomy":"product_brand","embeddable":true,"href":"https:\/\/www.guigaaviamentos.com.br\/loja\/wp-json\/wp\/v2\/product_brand?post=3735"},{"taxonomy":"product_cat","embeddable":true,"href":"https:\/\/www.guigaaviamentos.com.br\/loja\/wp-json\/wp\/v2\/product_cat?post=3735"},{"taxonomy":"product_tag","embeddable":true,"href":"https:\/\/www.guigaaviamentos.com.br\/loja\/wp-json\/wp\/v2\/product_tag?post=3735"}],"curies":[{"name":"wp","href":"https:\/\/api.w.org\/{rel}","templated":true}]}}