{"id":3714,"date":"2025-06-06T12:19:27","date_gmt":"2025-06-06T15:19:27","guid":{"rendered":"https:\/\/www.guigaaviamentos.com.br\/loja\/?post_type=product&#038;p=3714"},"modified":"2026-03-27T10:18:00","modified_gmt":"2026-03-27T13:18:00","slug":"agulha-para-maquina-overlock-interlock-dcx27-lanmax","status":"publish","type":"product","link":"https:\/\/www.guigaaviamentos.com.br\/loja\/produto\/agulha-para-maquina-overlock-interlock-dcx27-lanmax\/","title":{"rendered":"Agulha para M\u00e1quina Overlock Interlock DCx27 \u2013 Lanmax"},"content":{"rendered":"<p>Agulha para M\u00e1quina Overlock e Interlock DCx27 \u2013 Marca Lanmax<\/p>\n<p><strong>Pacote com 10 agulhas<\/strong><\/p>\n<p>Dispon\u00edvel nas Numera\u00e7\u00f5es: 9 \/ 10 \/ 11 \/ 12 \/ 14 \/ 16 \/ 18 \/ 20<\/p>\n","protected":false},"excerpt":{"rendered":"<p>Agulha para M\u00e1quina Overlock e Interlock DCx27 \u2013 Marca Lanmax Pacote com 10 agulhas Dispon\u00edvel nas Numera\u00e7\u00f5es: 9 \/ 10 \/ 11 \/ 12 \/ 14<span class=\"excerpt-hellip\"> [\u2026]<\/span><\/p>\n","protected":false},"featured_media":3715,"template":"","meta":[],"product_brand":[],"product_cat":[30,44],"product_tag":[1043,1045,1047,112,1046],"class_list":{"0":"post-3714","1":"product","2":"type-product","3":"status-publish","4":"has-post-thumbnail","6":"product_cat-agulha","7":"product_cat-agulha-maquina","8":"product_tag-agulha-maquina","9":"product_tag-dcx27","10":"product_tag-interlock","11":"product_tag-lanmax","12":"product_tag-overlock","14":"first","15":"instock","16":"shipping-taxable","17":"product-type-simple"},"_links":{"self":[{"href":"https:\/\/www.guigaaviamentos.com.br\/loja\/wp-json\/wp\/v2\/product\/3714","targetHints":{"allow":["GET"]}}],"collection":[{"href":"https:\/\/www.guigaaviamentos.com.br\/loja\/wp-json\/wp\/v2\/product"}],"about":[{"href":"https:\/\/www.guigaaviamentos.com.br\/loja\/wp-json\/wp\/v2\/types\/product"}],"wp:featuredmedia":[{"embeddable":true,"href":"https:\/\/www.guigaaviamentos.com.br\/loja\/wp-json\/wp\/v2\/media\/3715"}],"wp:attachment":[{"href":"https:\/\/www.guigaaviamentos.com.br\/loja\/wp-json\/wp\/v2\/media?parent=3714"}],"wp:term":[{"taxonomy":"product_brand","embeddable":true,"href":"https:\/\/www.guigaaviamentos.com.br\/loja\/wp-json\/wp\/v2\/product_brand?post=3714"},{"taxonomy":"product_cat","embeddable":true,"href":"https:\/\/www.guigaaviamentos.com.br\/loja\/wp-json\/wp\/v2\/product_cat?post=3714"},{"taxonomy":"product_tag","embeddable":true,"href":"https:\/\/www.guigaaviamentos.com.br\/loja\/wp-json\/wp\/v2\/product_tag?post=3714"}],"curies":[{"name":"wp","href":"https:\/\/api.w.org\/{rel}","templated":true}]}}