{"id":3693,"date":"2025-06-05T16:39:57","date_gmt":"2025-06-05T19:39:57","guid":{"rendered":"https:\/\/www.guigaaviamentos.com.br\/loja\/?post_type=product&#038;p=3693"},"modified":"2026-03-23T12:56:24","modified_gmt":"2026-03-23T15:56:24","slug":"cola-permanente-para-tecido-lanmax","status":"publish","type":"product","link":"https:\/\/www.guigaaviamentos.com.br\/loja\/produto\/cola-permanente-para-tecido-lanmax\/","title":{"rendered":"Cola Permanente para Tecido Lanmax"},"content":{"rendered":"<p>*** Cola Permanente para Tecidos &#8211; Lanmax ***<br \/>\nCola para aplica\u00e7\u00e3o em diversos tecidos, barra de cal\u00e7as e colagem de apliques &#8211; Pronta para uso.<\/p>\n<p>Modo de uso: Espalhar de maneira uniforme e sem exageros sobre o tecido. Secagem total ap\u00f3s 8 horas ( Dica: Usar um secador de cabelo acelera o processo de secagem da cola).<\/p>\n<p>Conte\u00fado: 1 unidade de cola com 100ml<\/p>\n","protected":false},"excerpt":{"rendered":"<p>*** Cola Permanente para Tecidos &#8211; Lanmax *** Cola para aplica\u00e7\u00e3o em diversos tecidos, barra de cal\u00e7as e colagem de apliques &#8211; Pronta para uso. Modo<span class=\"excerpt-hellip\"> [\u2026]<\/span><\/p>\n","protected":false},"featured_media":3694,"template":"","meta":[],"product_brand":[],"product_cat":[104],"product_tag":[105,112,1097],"class_list":{"0":"post-3693","1":"product","2":"type-product","3":"status-publish","4":"has-post-thumbnail","6":"product_cat-colas","7":"product_tag-cola","8":"product_tag-lanmax","9":"product_tag-permanente","11":"first","12":"instock","13":"shipping-taxable","14":"product-type-simple"},"_links":{"self":[{"href":"https:\/\/www.guigaaviamentos.com.br\/loja\/wp-json\/wp\/v2\/product\/3693","targetHints":{"allow":["GET"]}}],"collection":[{"href":"https:\/\/www.guigaaviamentos.com.br\/loja\/wp-json\/wp\/v2\/product"}],"about":[{"href":"https:\/\/www.guigaaviamentos.com.br\/loja\/wp-json\/wp\/v2\/types\/product"}],"wp:featuredmedia":[{"embeddable":true,"href":"https:\/\/www.guigaaviamentos.com.br\/loja\/wp-json\/wp\/v2\/media\/3694"}],"wp:attachment":[{"href":"https:\/\/www.guigaaviamentos.com.br\/loja\/wp-json\/wp\/v2\/media?parent=3693"}],"wp:term":[{"taxonomy":"product_brand","embeddable":true,"href":"https:\/\/www.guigaaviamentos.com.br\/loja\/wp-json\/wp\/v2\/product_brand?post=3693"},{"taxonomy":"product_cat","embeddable":true,"href":"https:\/\/www.guigaaviamentos.com.br\/loja\/wp-json\/wp\/v2\/product_cat?post=3693"},{"taxonomy":"product_tag","embeddable":true,"href":"https:\/\/www.guigaaviamentos.com.br\/loja\/wp-json\/wp\/v2\/product_tag?post=3693"}],"curies":[{"name":"wp","href":"https:\/\/api.w.org\/{rel}","templated":true}]}}