{"id":3663,"date":"2025-06-05T14:21:31","date_gmt":"2025-06-05T17:21:31","guid":{"rendered":"https:\/\/www.guigaaviamentos.com.br\/loja\/?post_type=product&#038;p=3663"},"modified":"2026-03-26T14:16:03","modified_gmt":"2026-03-26T17:16:03","slug":"alfinete-colorido-cavalinho","status":"publish","type":"product","link":"https:\/\/www.guigaaviamentos.com.br\/loja\/produto\/alfinete-colorido-cavalinho\/","title":{"rendered":"ALFINETE COLORIDO CAVALINHO"},"content":{"rendered":"<p>ALFINETES COM CABE\u00c7A COLORIDA PARA COSTURAS EM GERAL<\/p>\n<p>O ALFINETE COM O LOGO &#8220;CAVALINHO'&#8221; \u00c9 GARANTIA DE QUALIDADE , POIS \u00c9 UM ALFINETE QUE N\u00c3O ENFERRUJA E N\u00c3O DESFIA AS FIBRAS DO TECIDO. QUALIDADE GARANTIDA.<\/p>\n<p>CADA CARTELA POSSUI 40 ALFINETES.<\/p>\n<p>&nbsp;<\/p>\n","protected":false},"excerpt":{"rendered":"<p>ALFINETES COM CABE\u00c7A COLORIDA PARA COSTURAS EM GERAL O ALFINETE COM O LOGO &#8220;CAVALINHO&#8217;&#8221; \u00c9 GARANTIA DE QUALIDADE , POIS \u00c9 UM ALFINETE QUE N\u00c3O ENFERRUJA<span class=\"excerpt-hellip\"> [\u2026]<\/span><\/p>\n","protected":false},"featured_media":3666,"template":"","meta":[],"product_brand":[],"product_cat":[85,82],"product_tag":[143,1081,112],"class_list":{"0":"post-3663","1":"product","2":"type-product","3":"status-publish","4":"has-post-thumbnail","6":"product_cat-acessorios-costura","7":"product_cat-corte-costura","8":"product_tag-alfinete","9":"product_tag-cavalinho","10":"product_tag-lanmax","12":"first","13":"instock","14":"shipping-taxable","15":"product-type-simple"},"_links":{"self":[{"href":"https:\/\/www.guigaaviamentos.com.br\/loja\/wp-json\/wp\/v2\/product\/3663","targetHints":{"allow":["GET"]}}],"collection":[{"href":"https:\/\/www.guigaaviamentos.com.br\/loja\/wp-json\/wp\/v2\/product"}],"about":[{"href":"https:\/\/www.guigaaviamentos.com.br\/loja\/wp-json\/wp\/v2\/types\/product"}],"wp:featuredmedia":[{"embeddable":true,"href":"https:\/\/www.guigaaviamentos.com.br\/loja\/wp-json\/wp\/v2\/media\/3666"}],"wp:attachment":[{"href":"https:\/\/www.guigaaviamentos.com.br\/loja\/wp-json\/wp\/v2\/media?parent=3663"}],"wp:term":[{"taxonomy":"product_brand","embeddable":true,"href":"https:\/\/www.guigaaviamentos.com.br\/loja\/wp-json\/wp\/v2\/product_brand?post=3663"},{"taxonomy":"product_cat","embeddable":true,"href":"https:\/\/www.guigaaviamentos.com.br\/loja\/wp-json\/wp\/v2\/product_cat?post=3663"},{"taxonomy":"product_tag","embeddable":true,"href":"https:\/\/www.guigaaviamentos.com.br\/loja\/wp-json\/wp\/v2\/product_tag?post=3663"}],"curies":[{"name":"wp","href":"https:\/\/api.w.org\/{rel}","templated":true}]}}