{"id":3651,"date":"2025-06-05T16:44:58","date_gmt":"2025-06-05T19:44:58","guid":{"rendered":"https:\/\/www.guigaaviamentos.com.br\/loja\/?post_type=product&#038;p=3651"},"modified":"2026-03-28T08:53:37","modified_gmt":"2026-03-28T11:53:37","slug":"tesoura-profissional-premium-lanmax","status":"publish","type":"product","link":"https:\/\/www.guigaaviamentos.com.br\/loja\/produto\/tesoura-profissional-premium-lanmax\/","title":{"rendered":"Tesoura Profissional Premium Lanmax"},"content":{"rendered":"<p class=\"QN2lPu\">A TESOURA PREMIUM LANMAX \u00c9 A OP\u00c7\u00c3O IDEAL PARA VOC\u00ca QUE PROCURA UMA TESOURA LEVE, PRECISA, AFIADA E COM UM \u00d3TIMO PRE\u00c7O. POSSUI UM DESIGN ANAT\u00d4MICO QUE PERMITE PRECIS\u00c3O E LEVEZA NO CORTE., GARANTINDO UM TRABALHO IMPEC\u00c1VEL EM SEUS TRABALHOS.<\/p>\n<p class=\"QN2lPu\">**DISPON\u00cdVEL EM 3 TAMANHOS**<\/p>\n<p class=\"QN2lPu\">MATERIAL: PL\u00c1STICO E A\u00c7O INOX<\/p>\n","protected":false},"excerpt":{"rendered":"<p>A TESOURA PREMIUM LANMAX \u00c9 A OP\u00c7\u00c3O IDEAL PARA VOC\u00ca QUE PROCURA UMA TESOURA LEVE, PRECISA, AFIADA E COM UM \u00d3TIMO PRE\u00c7O. POSSUI UM DESIGN ANAT\u00d4MICO<span class=\"excerpt-hellip\"> [\u2026]<\/span><\/p>\n","protected":false},"featured_media":3652,"template":"","meta":[],"product_brand":[],"product_cat":[82,83],"product_tag":[1077,112,1076],"class_list":{"0":"post-3651","1":"product","2":"type-product","3":"status-publish","4":"has-post-thumbnail","6":"product_cat-corte-costura","7":"product_cat-tesoura","8":"product_tag-corte-afiado","9":"product_tag-lanmax","10":"product_tag-tesoura-profissional","12":"first","13":"instock","14":"shipping-taxable","15":"product-type-simple"},"_links":{"self":[{"href":"https:\/\/www.guigaaviamentos.com.br\/loja\/wp-json\/wp\/v2\/product\/3651","targetHints":{"allow":["GET"]}}],"collection":[{"href":"https:\/\/www.guigaaviamentos.com.br\/loja\/wp-json\/wp\/v2\/product"}],"about":[{"href":"https:\/\/www.guigaaviamentos.com.br\/loja\/wp-json\/wp\/v2\/types\/product"}],"wp:featuredmedia":[{"embeddable":true,"href":"https:\/\/www.guigaaviamentos.com.br\/loja\/wp-json\/wp\/v2\/media\/3652"}],"wp:attachment":[{"href":"https:\/\/www.guigaaviamentos.com.br\/loja\/wp-json\/wp\/v2\/media?parent=3651"}],"wp:term":[{"taxonomy":"product_brand","embeddable":true,"href":"https:\/\/www.guigaaviamentos.com.br\/loja\/wp-json\/wp\/v2\/product_brand?post=3651"},{"taxonomy":"product_cat","embeddable":true,"href":"https:\/\/www.guigaaviamentos.com.br\/loja\/wp-json\/wp\/v2\/product_cat?post=3651"},{"taxonomy":"product_tag","embeddable":true,"href":"https:\/\/www.guigaaviamentos.com.br\/loja\/wp-json\/wp\/v2\/product_tag?post=3651"}],"curies":[{"name":"wp","href":"https:\/\/api.w.org\/{rel}","templated":true}]}}