{"id":3645,"date":"2025-06-09T14:05:58","date_gmt":"2025-06-09T17:05:58","guid":{"rendered":"https:\/\/www.guigaaviamentos.com.br\/loja\/?post_type=product&#038;p=3645"},"modified":"2026-03-26T17:01:39","modified_gmt":"2026-03-26T20:01:39","slug":"agulha-longa-para-fechadeira-de-braco-industrial-tvx5-orange","status":"publish","type":"product","link":"https:\/\/www.guigaaviamentos.com.br\/loja\/produto\/agulha-longa-para-fechadeira-de-braco-industrial-tvx5-orange\/","title":{"rendered":"Agulha Longa para Fechadeira de Bra\u00e7o Industrial TVx5 &#8211; Orange"},"content":{"rendered":"<p>Agulha equivalente com as m\u00e1quinas fechadeira plana longa\u00a0 e fechadeira de bra\u00e7o longa &#8211; Marca: Orange<\/p>\n<p><strong>*Pacote com 10 agulhas<\/strong><\/p>\n<p>Numera\u00e7\u00f5es dispon\u00edveis: 12 \/ 14 \/ 16<\/p>\n<p>Equival\u00eancia: 149 x 5<\/p>\n","protected":false},"excerpt":{"rendered":"<p>Agulha equivalente com as m\u00e1quinas fechadeira plana longa\u00a0 e fechadeira de bra\u00e7o longa &#8211; Marca: Orange *Pacote com 10 agulhas Numera\u00e7\u00f5es dispon\u00edveis: 12 \/ 14 \/<span class=\"excerpt-hellip\"> [\u2026]<\/span><\/p>\n","protected":false},"featured_media":3646,"template":"","meta":[],"product_brand":[],"product_cat":[30,44],"product_tag":[1043,1071,1070,1072],"class_list":{"0":"post-3645","1":"product","2":"type-product","3":"status-publish","4":"has-post-thumbnail","6":"product_cat-agulha","7":"product_cat-agulha-maquina","8":"product_tag-agulha-maquina","9":"product_tag-fechadeira-braco-longa","10":"product_tag-fechadeira-plana-longa","11":"product_tag-tvx5","13":"first","14":"instock","15":"shipping-taxable","16":"product-type-simple"},"_links":{"self":[{"href":"https:\/\/www.guigaaviamentos.com.br\/loja\/wp-json\/wp\/v2\/product\/3645","targetHints":{"allow":["GET"]}}],"collection":[{"href":"https:\/\/www.guigaaviamentos.com.br\/loja\/wp-json\/wp\/v2\/product"}],"about":[{"href":"https:\/\/www.guigaaviamentos.com.br\/loja\/wp-json\/wp\/v2\/types\/product"}],"wp:featuredmedia":[{"embeddable":true,"href":"https:\/\/www.guigaaviamentos.com.br\/loja\/wp-json\/wp\/v2\/media\/3646"}],"wp:attachment":[{"href":"https:\/\/www.guigaaviamentos.com.br\/loja\/wp-json\/wp\/v2\/media?parent=3645"}],"wp:term":[{"taxonomy":"product_brand","embeddable":true,"href":"https:\/\/www.guigaaviamentos.com.br\/loja\/wp-json\/wp\/v2\/product_brand?post=3645"},{"taxonomy":"product_cat","embeddable":true,"href":"https:\/\/www.guigaaviamentos.com.br\/loja\/wp-json\/wp\/v2\/product_cat?post=3645"},{"taxonomy":"product_tag","embeddable":true,"href":"https:\/\/www.guigaaviamentos.com.br\/loja\/wp-json\/wp\/v2\/product_tag?post=3645"}],"curies":[{"name":"wp","href":"https:\/\/api.w.org\/{rel}","templated":true}]}}