{"id":3640,"date":"2025-06-09T13:58:10","date_gmt":"2025-06-09T16:58:10","guid":{"rendered":"https:\/\/www.guigaaviamentos.com.br\/loja\/?post_type=product&#038;p=3640"},"modified":"2026-03-27T09:24:35","modified_gmt":"2026-03-27T12:24:35","slug":"agulha-longa-para-elastiqueira-industrial-dvx57-orange","status":"publish","type":"product","link":"https:\/\/www.guigaaviamentos.com.br\/loja\/produto\/agulha-longa-para-elastiqueira-industrial-dvx57-orange\/","title":{"rendered":"Agulha Longa para Elastiqueira Industrial DVx57 &#8211; Orange"},"content":{"rendered":"<p>Agulha longa para m\u00e1quina de pregar el\u00e1stico industrial &#8211; Marca Orange<\/p>\n<p><strong>*Pacote com 10 agulhas<\/strong><\/p>\n<p>Numera\u00e7\u00f5es dispon\u00edveis: 14 \/ 16<\/p>\n<p>Equival\u00eancia: 62 x 57<\/p>\n","protected":false},"excerpt":{"rendered":"<p>Agulha longa para m\u00e1quina de pregar el\u00e1stico industrial &#8211; Marca Orange *Pacote com 10 agulhas Numera\u00e7\u00f5es dispon\u00edveis: 14 \/ 16 Equival\u00eancia: 62 x 57<\/p>\n","protected":false},"featured_media":3642,"template":"","meta":[],"product_brand":[],"product_cat":[30,44],"product_tag":[1043,1069,1068],"class_list":{"0":"post-3640","1":"product","2":"type-product","3":"status-publish","4":"has-post-thumbnail","6":"product_cat-agulha","7":"product_cat-agulha-maquina","8":"product_tag-agulha-maquina","9":"product_tag-dvx57","10":"product_tag-elastiqueira-longa","12":"first","13":"instock","14":"shipping-taxable","15":"product-type-simple"},"_links":{"self":[{"href":"https:\/\/www.guigaaviamentos.com.br\/loja\/wp-json\/wp\/v2\/product\/3640","targetHints":{"allow":["GET"]}}],"collection":[{"href":"https:\/\/www.guigaaviamentos.com.br\/loja\/wp-json\/wp\/v2\/product"}],"about":[{"href":"https:\/\/www.guigaaviamentos.com.br\/loja\/wp-json\/wp\/v2\/types\/product"}],"wp:featuredmedia":[{"embeddable":true,"href":"https:\/\/www.guigaaviamentos.com.br\/loja\/wp-json\/wp\/v2\/media\/3642"}],"wp:attachment":[{"href":"https:\/\/www.guigaaviamentos.com.br\/loja\/wp-json\/wp\/v2\/media?parent=3640"}],"wp:term":[{"taxonomy":"product_brand","embeddable":true,"href":"https:\/\/www.guigaaviamentos.com.br\/loja\/wp-json\/wp\/v2\/product_brand?post=3640"},{"taxonomy":"product_cat","embeddable":true,"href":"https:\/\/www.guigaaviamentos.com.br\/loja\/wp-json\/wp\/v2\/product_cat?post=3640"},{"taxonomy":"product_tag","embeddable":true,"href":"https:\/\/www.guigaaviamentos.com.br\/loja\/wp-json\/wp\/v2\/product_tag?post=3640"}],"curies":[{"name":"wp","href":"https:\/\/api.w.org\/{rel}","templated":true}]}}