{"id":3631,"date":"2025-06-09T14:01:53","date_gmt":"2025-06-09T17:01:53","guid":{"rendered":"https:\/\/www.guigaaviamentos.com.br\/loja\/?post_type=product&#038;p=3631"},"modified":"2026-03-27T08:57:07","modified_gmt":"2026-03-27T11:57:07","slug":"agulha-curta-para-elastiqueira-industrial-uox113gs-orange","status":"publish","type":"product","link":"https:\/\/www.guigaaviamentos.com.br\/loja\/produto\/agulha-curta-para-elastiqueira-industrial-uox113gs-orange\/","title":{"rendered":"Agulha Curta para Elastiqueira Industrial UOx113GS &#8211; Orange"},"content":{"rendered":"<p>Agulha curta para m\u00e1quina de pregar el\u00e1stico industrial &#8211; Marca Orange<\/p>\n<p><strong>*Pacote com 10 agulhas<\/strong><\/p>\n<p>Numera\u00e7\u00f5es dispon\u00edveis: 12 \/ 14 \/ 16<\/p>\n<p>Equival\u00eancia: UY x 113 GS<\/p>\n","protected":false},"excerpt":{"rendered":"<p>Agulha curta para m\u00e1quina de pregar el\u00e1stico industrial &#8211; Marca Orange *Pacote com 10 agulhas Numera\u00e7\u00f5es dispon\u00edveis: 12 \/ 14 \/ 16 Equival\u00eancia: UY x 113<span class=\"excerpt-hellip\"> [\u2026]<\/span><\/p>\n","protected":false},"featured_media":3632,"template":"","meta":[],"product_brand":[],"product_cat":[30,44],"product_tag":[1043,1063,812,1064],"class_list":{"0":"post-3631","1":"product","2":"type-product","3":"status-publish","4":"has-post-thumbnail","6":"product_cat-agulha","7":"product_cat-agulha-maquina","8":"product_tag-agulha-maquina","9":"product_tag-elastiqueira","10":"product_tag-orange","11":"product_tag-uox113gs","13":"first","14":"instock","15":"shipping-taxable","16":"product-type-simple"},"_links":{"self":[{"href":"https:\/\/www.guigaaviamentos.com.br\/loja\/wp-json\/wp\/v2\/product\/3631","targetHints":{"allow":["GET"]}}],"collection":[{"href":"https:\/\/www.guigaaviamentos.com.br\/loja\/wp-json\/wp\/v2\/product"}],"about":[{"href":"https:\/\/www.guigaaviamentos.com.br\/loja\/wp-json\/wp\/v2\/types\/product"}],"wp:featuredmedia":[{"embeddable":true,"href":"https:\/\/www.guigaaviamentos.com.br\/loja\/wp-json\/wp\/v2\/media\/3632"}],"wp:attachment":[{"href":"https:\/\/www.guigaaviamentos.com.br\/loja\/wp-json\/wp\/v2\/media?parent=3631"}],"wp:term":[{"taxonomy":"product_brand","embeddable":true,"href":"https:\/\/www.guigaaviamentos.com.br\/loja\/wp-json\/wp\/v2\/product_brand?post=3631"},{"taxonomy":"product_cat","embeddable":true,"href":"https:\/\/www.guigaaviamentos.com.br\/loja\/wp-json\/wp\/v2\/product_cat?post=3631"},{"taxonomy":"product_tag","embeddable":true,"href":"https:\/\/www.guigaaviamentos.com.br\/loja\/wp-json\/wp\/v2\/product_tag?post=3631"}],"curies":[{"name":"wp","href":"https:\/\/api.w.org\/{rel}","templated":true}]}}