{"id":3610,"date":"2025-06-06T12:40:38","date_gmt":"2025-06-06T15:40:38","guid":{"rendered":"https:\/\/www.guigaaviamentos.com.br\/loja\/?post_type=product&#038;p=3610"},"modified":"2026-03-27T09:54:54","modified_gmt":"2026-03-27T12:54:54","slug":"agulha-para-maquina-transporte-duplo-e-triplo-dpx17-orange","status":"publish","type":"product","link":"https:\/\/www.guigaaviamentos.com.br\/loja\/produto\/agulha-para-maquina-transporte-duplo-e-triplo-dpx17-orange\/","title":{"rendered":"Agulha para M\u00e1quina Transporte Duplo e Triplo DPx17 \u2013 Orange"},"content":{"rendered":"<p>Agulha DPx17 equivalente com m\u00e1quinas de transporte duplo e triplo, e travete longa.<\/p>\n<p><strong>*Pacote com 10 agulhas<\/strong><\/p>\n<p>Dispon\u00edvel nas Numera\u00e7\u00f5es: 12 \/ 14 \/ 16 \/ 18 \/ 20 \/ 21<\/p>\n","protected":false},"excerpt":{"rendered":"<p>Agulha DPx17 equivalente com m\u00e1quinas de transporte duplo e triplo, e travete longa. *Pacote com 10 agulhas Dispon\u00edvel nas Numera\u00e7\u00f5es: 12 \/ 14 \/ 16 \/<span class=\"excerpt-hellip\"> [\u2026]<\/span><\/p>\n","protected":false},"featured_media":3269,"template":"","meta":[],"product_brand":[],"product_cat":[30,44],"product_tag":[1043,1056,1053,1054,1055],"class_list":{"0":"post-3610","1":"product","2":"type-product","3":"status-publish","4":"has-post-thumbnail","6":"product_cat-agulha","7":"product_cat-agulha-maquina","8":"product_tag-agulha-maquina","9":"product_tag-dpx17","10":"product_tag-transporte-duplo","11":"product_tag-transporte-triplo","12":"product_tag-travete-longa","14":"first","15":"instock","16":"shipping-taxable","17":"product-type-simple"},"_links":{"self":[{"href":"https:\/\/www.guigaaviamentos.com.br\/loja\/wp-json\/wp\/v2\/product\/3610","targetHints":{"allow":["GET"]}}],"collection":[{"href":"https:\/\/www.guigaaviamentos.com.br\/loja\/wp-json\/wp\/v2\/product"}],"about":[{"href":"https:\/\/www.guigaaviamentos.com.br\/loja\/wp-json\/wp\/v2\/types\/product"}],"wp:featuredmedia":[{"embeddable":true,"href":"https:\/\/www.guigaaviamentos.com.br\/loja\/wp-json\/wp\/v2\/media\/3269"}],"wp:attachment":[{"href":"https:\/\/www.guigaaviamentos.com.br\/loja\/wp-json\/wp\/v2\/media?parent=3610"}],"wp:term":[{"taxonomy":"product_brand","embeddable":true,"href":"https:\/\/www.guigaaviamentos.com.br\/loja\/wp-json\/wp\/v2\/product_brand?post=3610"},{"taxonomy":"product_cat","embeddable":true,"href":"https:\/\/www.guigaaviamentos.com.br\/loja\/wp-json\/wp\/v2\/product_cat?post=3610"},{"taxonomy":"product_tag","embeddable":true,"href":"https:\/\/www.guigaaviamentos.com.br\/loja\/wp-json\/wp\/v2\/product_tag?post=3610"}],"curies":[{"name":"wp","href":"https:\/\/api.w.org\/{rel}","templated":true}]}}