{"id":3565,"date":"2025-06-06T11:00:39","date_gmt":"2025-06-06T14:00:39","guid":{"rendered":"https:\/\/www.guigaaviamentos.com.br\/loja\/?post_type=product&#038;p=3565"},"modified":"2026-03-27T15:19:06","modified_gmt":"2026-03-27T18:19:06","slug":"agulha-para-maquina-reta-industrial-cabo-grosso-dpx5-orange","status":"publish","type":"product","link":"https:\/\/www.guigaaviamentos.com.br\/loja\/produto\/agulha-para-maquina-reta-industrial-cabo-grosso-dpx5-orange\/","title":{"rendered":"Agulha para M\u00e1quina Reta Industrial Cabo Grosso DPx5 &#8211; Orange"},"content":{"rendered":"<p>Agulha para M\u00e1quina Reta Industrial Cabo Grosso DPx5 \u2013 Marca Orange<\/p>\n<p>Tamb\u00e9m utilizada em:<br \/>\n*M\u00e1quina Caseadeira (reta) zig-zag;<\/p>\n<p>*M\u00e1quina 2 agulhas ponto fixo (curta);<\/p>\n<p>*M\u00e1quina Travete (curta).<\/p>\n<p><strong>*Pacote com 10 agulhas<\/strong><\/p>\n<p>Dispon\u00edvel nas Numera\u00e7\u00f5es: 9 \/ 10 \/ 11 \/ 12 \/ 14 \/ 16 \/ 18 \/ 20<\/p>\n","protected":false},"excerpt":{"rendered":"<p>Agulha para M\u00e1quina Reta Industrial Cabo Grosso DPx5 \u2013 Marca Orange Tamb\u00e9m utilizada em: *M\u00e1quina Caseadeira (reta) zig-zag; *M\u00e1quina 2 agulhas ponto fixo (curta); *M\u00e1quina Travete<span class=\"excerpt-hellip\"> [\u2026]<\/span><\/p>\n","protected":false},"featured_media":3269,"template":"","meta":[],"product_brand":[],"product_cat":[30,44],"product_tag":[136,1043,813,812],"class_list":{"0":"post-3565","1":"product","2":"type-product","3":"status-publish","4":"has-post-thumbnail","6":"product_cat-agulha","7":"product_cat-agulha-maquina","8":"product_tag-agulha","9":"product_tag-agulha-maquina","10":"product_tag-cabo-grosso","11":"product_tag-orange","13":"first","14":"instock","15":"shipping-taxable","16":"product-type-simple"},"_links":{"self":[{"href":"https:\/\/www.guigaaviamentos.com.br\/loja\/wp-json\/wp\/v2\/product\/3565","targetHints":{"allow":["GET"]}}],"collection":[{"href":"https:\/\/www.guigaaviamentos.com.br\/loja\/wp-json\/wp\/v2\/product"}],"about":[{"href":"https:\/\/www.guigaaviamentos.com.br\/loja\/wp-json\/wp\/v2\/types\/product"}],"wp:featuredmedia":[{"embeddable":true,"href":"https:\/\/www.guigaaviamentos.com.br\/loja\/wp-json\/wp\/v2\/media\/3269"}],"wp:attachment":[{"href":"https:\/\/www.guigaaviamentos.com.br\/loja\/wp-json\/wp\/v2\/media?parent=3565"}],"wp:term":[{"taxonomy":"product_brand","embeddable":true,"href":"https:\/\/www.guigaaviamentos.com.br\/loja\/wp-json\/wp\/v2\/product_brand?post=3565"},{"taxonomy":"product_cat","embeddable":true,"href":"https:\/\/www.guigaaviamentos.com.br\/loja\/wp-json\/wp\/v2\/product_cat?post=3565"},{"taxonomy":"product_tag","embeddable":true,"href":"https:\/\/www.guigaaviamentos.com.br\/loja\/wp-json\/wp\/v2\/product_tag?post=3565"}],"curies":[{"name":"wp","href":"https:\/\/api.w.org\/{rel}","templated":true}]}}