{"id":3551,"date":"2025-06-05T16:38:00","date_gmt":"2025-06-05T19:38:00","guid":{"rendered":"https:\/\/www.guigaaviamentos.com.br\/loja\/?post_type=product&#038;p=3551"},"modified":"2026-03-28T08:59:24","modified_gmt":"2026-03-28T11:59:24","slug":"tecido-vagonite-branco-para-bordado-com-fita-100-algodao","status":"publish","type":"product","link":"https:\/\/www.guigaaviamentos.com.br\/loja\/produto\/tecido-vagonite-branco-para-bordado-com-fita-100-algodao\/","title":{"rendered":"Tecido Vagonite Branco para Bordado com Fita 100% Algod\u00e3o"},"content":{"rendered":"<p>Tecido Vagonite Passa Fita \u00e9 muito utilizado pelos amantes de bordado ou tran\u00e7ados com Fitas, geralmente de Cetim. Ele pode ser aplicado em locais variados como: barra de toalha, panos de prato, artigos de beb\u00ea, toalha de lavabo, toalha de mesa, caminhos de mesa, roupas de cama entre outros.<\/p>\n<p>CARACTER\u00cdSTICAS<br \/>\n*COMPOSI\u00c7\u00c3O: 100% ALGOD\u00c3O<br \/>\n*LARGURA: 1,40 METRO<\/p>\n<p>&nbsp;<\/p>\n","protected":false},"excerpt":{"rendered":"<p>Tecido Vagonite Passa Fita \u00e9 muito utilizado pelos amantes de bordado ou tran\u00e7ados com Fitas, geralmente de Cetim. Ele pode ser aplicado em locais variados como:<span class=\"excerpt-hellip\"> [\u2026]<\/span><\/p>\n","protected":false},"featured_media":3555,"template":"","meta":[],"product_brand":[],"product_cat":[940],"product_tag":[943],"class_list":{"0":"post-3551","1":"product","2":"type-product","3":"status-publish","4":"has-post-thumbnail","6":"product_cat-etamine","7":"product_tag-vagonite","9":"first","10":"instock","11":"shipping-taxable","12":"product-type-simple"},"_links":{"self":[{"href":"https:\/\/www.guigaaviamentos.com.br\/loja\/wp-json\/wp\/v2\/product\/3551","targetHints":{"allow":["GET"]}}],"collection":[{"href":"https:\/\/www.guigaaviamentos.com.br\/loja\/wp-json\/wp\/v2\/product"}],"about":[{"href":"https:\/\/www.guigaaviamentos.com.br\/loja\/wp-json\/wp\/v2\/types\/product"}],"wp:featuredmedia":[{"embeddable":true,"href":"https:\/\/www.guigaaviamentos.com.br\/loja\/wp-json\/wp\/v2\/media\/3555"}],"wp:attachment":[{"href":"https:\/\/www.guigaaviamentos.com.br\/loja\/wp-json\/wp\/v2\/media?parent=3551"}],"wp:term":[{"taxonomy":"product_brand","embeddable":true,"href":"https:\/\/www.guigaaviamentos.com.br\/loja\/wp-json\/wp\/v2\/product_brand?post=3551"},{"taxonomy":"product_cat","embeddable":true,"href":"https:\/\/www.guigaaviamentos.com.br\/loja\/wp-json\/wp\/v2\/product_cat?post=3551"},{"taxonomy":"product_tag","embeddable":true,"href":"https:\/\/www.guigaaviamentos.com.br\/loja\/wp-json\/wp\/v2\/product_tag?post=3551"}],"curies":[{"name":"wp","href":"https:\/\/api.w.org\/{rel}","templated":true}]}}