{"id":3544,"date":"2025-06-05T16:25:46","date_gmt":"2025-06-05T19:25:46","guid":{"rendered":"https:\/\/www.guigaaviamentos.com.br\/loja\/?post_type=product&#038;p=3544"},"modified":"2026-03-23T12:56:36","modified_gmt":"2026-03-23T15:56:36","slug":"luminaria-led-para-maquina-de-costura-com-ima-lanmax","status":"publish","type":"product","link":"https:\/\/www.guigaaviamentos.com.br\/loja\/produto\/luminaria-led-para-maquina-de-costura-com-ima-lanmax\/","title":{"rendered":"LUMIN\u00c1RIA LED PARA M\u00c1QUINA DE COSTURA COM IM\u00c3  LANMAX"},"content":{"rendered":"<p>**A LUMIN\u00c1RIA LED LANMAX TEM UM ALTO PODER DE ILUMINA\u00c7\u00c3O, SENDO AT\u00c9 5X MAIS POTENTE QUE AS DEMAIS LUMIN\u00c1RIAS DA CATEGORIA** GARANTIA DE QUALIDADE**<\/p>\n<p>*BIVOLT (110V\/220V)<br \/>\n*TOMADA PADR\u00c3O BRASIL<br \/>\n*HASTE FLEX\u00cdVEL MULTIDIRECIONAL QUE PERMITE V\u00c1RIAS OP\u00c7OES DE POSI\u00c7\u00c3O<br \/>\n*BASE COM IM\u00c3 PARA FIXA\u00c7\u00c3O QUE PERMITE SUA INSTALA\u00c7\u00c3O EM QUALQUER SUPERF\u00cdCIE MET\u00c1LICA<br \/>\n*DI\u00c2METRO DA LUMIN\u00c1RIA 9CM<\/p>\n","protected":false},"excerpt":{"rendered":"<p>**A LUMIN\u00c1RIA LED LANMAX TEM UM ALTO PODER DE ILUMINA\u00c7\u00c3O, SENDO AT\u00c9 5X MAIS POTENTE QUE AS DEMAIS LUMIN\u00c1RIAS DA CATEGORIA** GARANTIA DE QUALIDADE** *BIVOLT (110V\/220V)<span class=\"excerpt-hellip\"> [\u2026]<\/span><\/p>\n","protected":false},"featured_media":3545,"template":"","meta":[],"product_brand":[],"product_cat":[85,82],"product_tag":[112,134,1038],"class_list":{"0":"post-3544","1":"product","2":"type-product","3":"status-publish","4":"has-post-thumbnail","6":"product_cat-acessorios-costura","7":"product_cat-corte-costura","8":"product_tag-lanmax","9":"product_tag-luminaria","10":"product_tag-ring","12":"first","13":"instock","14":"shipping-taxable","15":"product-type-simple"},"_links":{"self":[{"href":"https:\/\/www.guigaaviamentos.com.br\/loja\/wp-json\/wp\/v2\/product\/3544","targetHints":{"allow":["GET"]}}],"collection":[{"href":"https:\/\/www.guigaaviamentos.com.br\/loja\/wp-json\/wp\/v2\/product"}],"about":[{"href":"https:\/\/www.guigaaviamentos.com.br\/loja\/wp-json\/wp\/v2\/types\/product"}],"wp:featuredmedia":[{"embeddable":true,"href":"https:\/\/www.guigaaviamentos.com.br\/loja\/wp-json\/wp\/v2\/media\/3545"}],"wp:attachment":[{"href":"https:\/\/www.guigaaviamentos.com.br\/loja\/wp-json\/wp\/v2\/media?parent=3544"}],"wp:term":[{"taxonomy":"product_brand","embeddable":true,"href":"https:\/\/www.guigaaviamentos.com.br\/loja\/wp-json\/wp\/v2\/product_brand?post=3544"},{"taxonomy":"product_cat","embeddable":true,"href":"https:\/\/www.guigaaviamentos.com.br\/loja\/wp-json\/wp\/v2\/product_cat?post=3544"},{"taxonomy":"product_tag","embeddable":true,"href":"https:\/\/www.guigaaviamentos.com.br\/loja\/wp-json\/wp\/v2\/product_tag?post=3544"}],"curies":[{"name":"wp","href":"https:\/\/api.w.org\/{rel}","templated":true}]}}