{"id":3504,"date":"2025-06-05T14:22:45","date_gmt":"2025-06-05T17:22:45","guid":{"rendered":"https:\/\/www.guigaaviamentos.com.br\/loja\/?post_type=product&#038;p=3504"},"modified":"2026-03-23T12:56:46","modified_gmt":"2026-03-23T15:56:46","slug":"tesoura-asa-alfaiate-lanmax-para-canhoto","status":"publish","type":"product","link":"https:\/\/www.guigaaviamentos.com.br\/loja\/produto\/tesoura-asa-alfaiate-lanmax-para-canhoto\/","title":{"rendered":"TESOURA ASA ALFAIATE LANMAX PARA CANHOTO"},"content":{"rendered":"<p>***TESOURA ASA PROFISSIONAL AMBIDESTRA***<br \/>\nA TESOURA ASA LANMAX \u00c9 LEVE, DE CORTE PRECISO E PODE SER UTILIZADA TANTO POR PESSOAS DESTRAS COMO CANHOTAS, J\u00c1 QUE SEU CABO TEM FORMATO ANAT\u00d4MICO, PERMITINDO UM MANUSEIO MAIS CONFORT\u00c1VEL.<\/p>\n<p>TAMANHO 8 POLEGADAS &#8211; 20CM<br \/>\nCOMPRIMENTO DA L\u00c2MINA: 7CM<\/p>\n","protected":false},"excerpt":{"rendered":"<p>***TESOURA ASA PROFISSIONAL AMBIDESTRA*** A TESOURA ASA LANMAX \u00c9 LEVE, DE CORTE PRECISO E PODE SER UTILIZADA TANTO POR PESSOAS DESTRAS COMO CANHOTAS, J\u00c1 QUE SEU<span class=\"excerpt-hellip\"> [\u2026]<\/span><\/p>\n","protected":false},"featured_media":3510,"template":"","meta":[],"product_brand":[],"product_cat":[85,82,83],"product_tag":[1025,112,111],"class_list":{"0":"post-3504","1":"product","2":"type-product","3":"status-publish","4":"has-post-thumbnail","6":"product_cat-acessorios-costura","7":"product_cat-corte-costura","8":"product_cat-tesoura","9":"product_tag-canhoto","10":"product_tag-lanmax","11":"product_tag-tesoura","13":"first","14":"instock","15":"shipping-taxable","16":"product-type-simple"},"_links":{"self":[{"href":"https:\/\/www.guigaaviamentos.com.br\/loja\/wp-json\/wp\/v2\/product\/3504","targetHints":{"allow":["GET"]}}],"collection":[{"href":"https:\/\/www.guigaaviamentos.com.br\/loja\/wp-json\/wp\/v2\/product"}],"about":[{"href":"https:\/\/www.guigaaviamentos.com.br\/loja\/wp-json\/wp\/v2\/types\/product"}],"wp:featuredmedia":[{"embeddable":true,"href":"https:\/\/www.guigaaviamentos.com.br\/loja\/wp-json\/wp\/v2\/media\/3510"}],"wp:attachment":[{"href":"https:\/\/www.guigaaviamentos.com.br\/loja\/wp-json\/wp\/v2\/media?parent=3504"}],"wp:term":[{"taxonomy":"product_brand","embeddable":true,"href":"https:\/\/www.guigaaviamentos.com.br\/loja\/wp-json\/wp\/v2\/product_brand?post=3504"},{"taxonomy":"product_cat","embeddable":true,"href":"https:\/\/www.guigaaviamentos.com.br\/loja\/wp-json\/wp\/v2\/product_cat?post=3504"},{"taxonomy":"product_tag","embeddable":true,"href":"https:\/\/www.guigaaviamentos.com.br\/loja\/wp-json\/wp\/v2\/product_tag?post=3504"}],"curies":[{"name":"wp","href":"https:\/\/api.w.org\/{rel}","templated":true}]}}