{"id":3398,"date":"2025-03-28T13:54:11","date_gmt":"2025-03-28T16:54:11","guid":{"rendered":"https:\/\/www.guigaaviamentos.com.br\/loja\/?post_type=product&#038;p=3398"},"modified":"2026-01-27T16:23:52","modified_gmt":"2026-01-27T19:23:52","slug":"fio-triche-70-gramas","status":"publish","type":"product","link":"https:\/\/www.guigaaviamentos.com.br\/loja\/produto\/fio-triche-70-gramas\/","title":{"rendered":"Fio Trich\u00ea &#8211; 70 Gramas"},"content":{"rendered":"<h3 style=\"text-align: center;\"><strong>ACESSE O LINK ABAIXO PARA TER ACESSO A TABELA DE CORES DA TRICH\u00ca:<\/strong><\/h3>\n<h6 style=\"text-align: center;\"><a href=\"https:\/\/www.guigaaviamentos.com.br\/loja\/wp-content\/uploads\/2025\/03\/Cartela-de-cor-site-RGB-01-1-COSTURA-1-1.pdf\">Cartela-de-cor-site-RGB-01-1-COSTURA (1)<\/a><\/h6>\n<p><strong>ATEN\u00c7\u00c3O! AS CORES APRESENTADAS NA IMAGEM S\u00c3O MERAMENTE ILUSTRATIVAS, CONFIRA O C\u00d3DIGO ESCOLHIDO NA TABELA DA TRICH\u00ca.<\/strong><\/p>\n<p>Ideal para uso em overloque e loopers de m\u00e1quinas de costuras e conhecido por fornecer maciez e conforto, principalmente em costuras pr\u00f3ximas a pele. Possui excelente performance, por apresentar uma alta extensibilidade e resist\u00eancia, o que garante baix\u00edssimas taxas de encolhimento e uma costura sem distor\u00e7\u00f5es ap\u00f3s a lavagem.<\/p>\n<p>Indica\u00e7\u00f5es de uso:<\/p>\n<p>Traje de banho, su\u00e9teres, moda intima, roupas para beb\u00eas, artigos t\u00eaxteis para o lar, roupas de lazer, roupas de malha, etc.<\/p>\n<p>Recursos e benef\u00edcios:<\/p>\n<ul>\n<li>Alto alongamento e resist\u00eancia, possuindo firmeza na costura<\/li>\n<li>Baixo encolhimento, garantindo uma costura sem distor\u00e7\u00f5es ap\u00f3s a lavagem<\/li>\n<li>Excelente cobertura de costura, garantindo costuras definidas e confort\u00e1veis<\/li>\n<li>Performance excepcional com alto grau de solidez mesmo ap\u00f3s os processos de lavagem industriais mais exigentes<\/li>\n<\/ul>\n<p>Tamanhos dispon\u00edveis: 70 Gramas.<\/p>\n","protected":false},"excerpt":{"rendered":"<p>ACESSE O LINK ABAIXO PARA TER ACESSO A TABELA DE CORES DA TRICH\u00ca: Cartela-de-cor-site-RGB-01-1-COSTURA (1) ATEN\u00c7\u00c3O! AS CORES APRESENTADAS NA IMAGEM S\u00c3O MERAMENTE ILUSTRATIVAS, CONFIRA O<span class=\"excerpt-hellip\"> [\u2026]<\/span><\/p>\n","protected":false},"featured_media":3400,"template":"","meta":[],"product_brand":[],"product_cat":[26],"product_tag":[1334,141,1335],"class_list":{"0":"post-3398","1":"product","2":"type-product","3":"status-publish","4":"has-post-thumbnail","6":"product_cat-linhas-fios","7":"product_tag-dinner","8":"product_tag-fio","9":"product_tag-triche","11":"first","12":"instock","13":"shipping-taxable","14":"purchasable","15":"product-type-variable"},"_links":{"self":[{"href":"https:\/\/www.guigaaviamentos.com.br\/loja\/wp-json\/wp\/v2\/product\/3398","targetHints":{"allow":["GET"]}}],"collection":[{"href":"https:\/\/www.guigaaviamentos.com.br\/loja\/wp-json\/wp\/v2\/product"}],"about":[{"href":"https:\/\/www.guigaaviamentos.com.br\/loja\/wp-json\/wp\/v2\/types\/product"}],"wp:featuredmedia":[{"embeddable":true,"href":"https:\/\/www.guigaaviamentos.com.br\/loja\/wp-json\/wp\/v2\/media\/3400"}],"wp:attachment":[{"href":"https:\/\/www.guigaaviamentos.com.br\/loja\/wp-json\/wp\/v2\/media?parent=3398"}],"wp:term":[{"taxonomy":"product_brand","embeddable":true,"href":"https:\/\/www.guigaaviamentos.com.br\/loja\/wp-json\/wp\/v2\/product_brand?post=3398"},{"taxonomy":"product_cat","embeddable":true,"href":"https:\/\/www.guigaaviamentos.com.br\/loja\/wp-json\/wp\/v2\/product_cat?post=3398"},{"taxonomy":"product_tag","embeddable":true,"href":"https:\/\/www.guigaaviamentos.com.br\/loja\/wp-json\/wp\/v2\/product_tag?post=3398"}],"curies":[{"name":"wp","href":"https:\/\/api.w.org\/{rel}","templated":true}]}}