{"id":3378,"date":"2025-03-27T14:09:59","date_gmt":"2025-03-27T17:09:59","guid":{"rendered":"https:\/\/www.guigaaviamentos.com.br\/loja\/?post_type=product&#038;p=3378"},"modified":"2026-03-30T14:53:45","modified_gmt":"2026-03-30T17:53:45","slug":"entretela-de-papel-com-cola","status":"publish","type":"product","link":"https:\/\/www.guigaaviamentos.com.br\/loja\/produto\/entretela-de-papel-com-cola\/","title":{"rendered":"Entretela de Papel com Cola &#8211; CIABRAFE"},"content":{"rendered":"<p>As entretelas n\u00e3o-tecidas s\u00e3o ideais para aplica\u00e7\u00e3o de bordados, executados em m\u00e1quinas de corte a laser e s\u00e3o indicadas para aumentar a densidade ou volume da pe\u00e7a.<\/p>\n<p>Esse tipo de acabamento possui duas fun\u00e7\u00f5es: para o entretelamento do tecido, um lado \u00e9 termocolante, e do outro lado, para fixa\u00e7\u00e3o da pe\u00e7a cortada a laser no bastidor, sua face \u00e9 autoadesiva.<\/p>\n<p>Marca: Ciabrafe.<\/p>\n<p>Gramaturas Dispon\u00edveis: CIA 32, CIA 42, CIA 52, CIA 62 e CIA 72.<\/p>\n","protected":false},"excerpt":{"rendered":"<p>As entretelas n\u00e3o-tecidas s\u00e3o ideais para aplica\u00e7\u00e3o de bordados, executados em m\u00e1quinas de corte a laser e s\u00e3o indicadas para aumentar a densidade ou volume da<span class=\"excerpt-hellip\"> [\u2026]<\/span><\/p>\n","protected":false},"featured_media":3379,"template":"","meta":[],"product_brand":[],"product_cat":[38,27],"product_tag":[1147,885],"class_list":{"0":"post-3378","1":"product","2":"type-product","3":"status-publish","4":"has-post-thumbnail","6":"product_cat-entretela-colante","7":"product_cat-entretela","8":"product_tag-ciabrafe","9":"product_tag-entretela","11":"first","12":"instock","13":"shipping-taxable","14":"product-type-simple"},"_links":{"self":[{"href":"https:\/\/www.guigaaviamentos.com.br\/loja\/wp-json\/wp\/v2\/product\/3378","targetHints":{"allow":["GET"]}}],"collection":[{"href":"https:\/\/www.guigaaviamentos.com.br\/loja\/wp-json\/wp\/v2\/product"}],"about":[{"href":"https:\/\/www.guigaaviamentos.com.br\/loja\/wp-json\/wp\/v2\/types\/product"}],"wp:featuredmedia":[{"embeddable":true,"href":"https:\/\/www.guigaaviamentos.com.br\/loja\/wp-json\/wp\/v2\/media\/3379"}],"wp:attachment":[{"href":"https:\/\/www.guigaaviamentos.com.br\/loja\/wp-json\/wp\/v2\/media?parent=3378"}],"wp:term":[{"taxonomy":"product_brand","embeddable":true,"href":"https:\/\/www.guigaaviamentos.com.br\/loja\/wp-json\/wp\/v2\/product_brand?post=3378"},{"taxonomy":"product_cat","embeddable":true,"href":"https:\/\/www.guigaaviamentos.com.br\/loja\/wp-json\/wp\/v2\/product_cat?post=3378"},{"taxonomy":"product_tag","embeddable":true,"href":"https:\/\/www.guigaaviamentos.com.br\/loja\/wp-json\/wp\/v2\/product_tag?post=3378"}],"curies":[{"name":"wp","href":"https:\/\/api.w.org\/{rel}","templated":true}]}}