{"id":3369,"date":"2025-03-27T13:50:49","date_gmt":"2025-03-27T16:50:49","guid":{"rendered":"https:\/\/www.guigaaviamentos.com.br\/loja\/?post_type=product&#038;p=3369"},"modified":"2026-03-31T13:38:05","modified_gmt":"2026-03-31T16:38:05","slug":"entretelas-de-tecido","status":"publish","type":"product","link":"https:\/\/www.guigaaviamentos.com.br\/loja\/produto\/entretelas-de-tecido\/","title":{"rendered":"Entretelas de Tecido Ciabrafe"},"content":{"rendered":"<p>As entretelas de tecido conferem charme na produ\u00e7\u00e3o de diferentes pe\u00e7as.<\/p>\n<p>S\u00e3o f\u00e1ceis de aplicar e se adaptam a diferentes tipos de aplica\u00e7\u00f5es.<\/p>\n<p>Dispon\u00edveis em diversas espessuras, as entretelas de tecido podem ser usada em confec\u00e7\u00e3o de c\u00f3s de saias e cal\u00e7as, colarinhos de camisas e punhos, lapelas de bolsos, bon\u00e9s, entre outros.<\/p>\n<p>Gramaturas com cola dispon\u00edveis: 12.02, 12.04, 12.06 e 12.08<\/p>\n<p>Cores: Branca<\/p>\n<p>Marca: Ciabrafe<\/p>\n<table class=\"table table-bordered\">\n<tbody>\n<tr>\n<td>INSTRU\u00c7\u00d5ES DE COLAGEM<\/td>\n<\/tr>\n<tr>\n<td><\/td>\n<td>Press\u00e3o (Lib.) &#8211; 80<\/td>\n<\/tr>\n<tr>\n<td><\/td>\n<td>Temperatura (\u00b0C) &#8211; 130 \u00e0 140<\/td>\n<\/tr>\n<tr>\n<td><\/td>\n<td>Tempo (seg.) &#8211; 11 \u00e0 13<\/td>\n<\/tr>\n<\/tbody>\n<\/table>\n","protected":false},"excerpt":{"rendered":"<p>As entretelas de tecido conferem charme na produ\u00e7\u00e3o de diferentes pe\u00e7as. S\u00e3o f\u00e1ceis de aplicar e se adaptam a diferentes tipos de aplica\u00e7\u00f5es. Dispon\u00edveis em diversas<span class=\"excerpt-hellip\"> [\u2026]<\/span><\/p>\n","protected":false},"featured_media":3370,"template":"","meta":[],"product_brand":[],"product_cat":[38,41,27,40],"product_tag":[1147,885],"class_list":{"0":"post-3369","1":"product","2":"type-product","3":"status-publish","4":"has-post-thumbnail","6":"product_cat-entretela-colante","7":"product_cat-entretela-colarinho-punho","8":"product_cat-entretela","9":"product_cat-entretela-termocolante","10":"product_tag-ciabrafe","11":"product_tag-entretela","13":"first","14":"instock","15":"shipping-taxable","16":"product-type-simple"},"_links":{"self":[{"href":"https:\/\/www.guigaaviamentos.com.br\/loja\/wp-json\/wp\/v2\/product\/3369","targetHints":{"allow":["GET"]}}],"collection":[{"href":"https:\/\/www.guigaaviamentos.com.br\/loja\/wp-json\/wp\/v2\/product"}],"about":[{"href":"https:\/\/www.guigaaviamentos.com.br\/loja\/wp-json\/wp\/v2\/types\/product"}],"wp:featuredmedia":[{"embeddable":true,"href":"https:\/\/www.guigaaviamentos.com.br\/loja\/wp-json\/wp\/v2\/media\/3370"}],"wp:attachment":[{"href":"https:\/\/www.guigaaviamentos.com.br\/loja\/wp-json\/wp\/v2\/media?parent=3369"}],"wp:term":[{"taxonomy":"product_brand","embeddable":true,"href":"https:\/\/www.guigaaviamentos.com.br\/loja\/wp-json\/wp\/v2\/product_brand?post=3369"},{"taxonomy":"product_cat","embeddable":true,"href":"https:\/\/www.guigaaviamentos.com.br\/loja\/wp-json\/wp\/v2\/product_cat?post=3369"},{"taxonomy":"product_tag","embeddable":true,"href":"https:\/\/www.guigaaviamentos.com.br\/loja\/wp-json\/wp\/v2\/product_tag?post=3369"}],"curies":[{"name":"wp","href":"https:\/\/api.w.org\/{rel}","templated":true}]}}