{"id":3336,"date":"2025-03-26T16:48:26","date_gmt":"2025-03-26T19:48:26","guid":{"rendered":"https:\/\/www.guigaaviamentos.com.br\/loja\/?post_type=product&#038;p=3336"},"modified":"2026-01-27T16:22:39","modified_gmt":"2026-01-27T19:22:39","slug":"linha-de-costura-triche","status":"publish","type":"product","link":"https:\/\/www.guigaaviamentos.com.br\/loja\/produto\/linha-de-costura-triche\/","title":{"rendered":"Linha de Costura &#8211; TRICH\u00ca"},"content":{"rendered":"<h1><strong>ACESSE O LINK ABAIXO PARA TER ACESSO A TABELA DE CORES DA TRICH\u00ca:<\/strong><\/h1>\n<p style=\"text-align: center;\"><a href=\"https:\/\/www.guigaaviamentos.com.br\/loja\/wp-content\/uploads\/2025\/03\/Cartela-de-cor-site-RGB-01-1-COSTURA-1.pdf\">Cartela-de-cor-site-RGB-01-1-COSTURA (1)<\/a><\/p>\n<p>&nbsp;<\/p>\n<p style=\"text-align: center;\"><strong>ATEN\u00c7\u00c3O! AS CORES APRESENTADAS NA IMAGEM S\u00c3O MERAMENTE ILUSTRATIVAS, CONFIRA O C\u00d3DIGO ESCOLHIDO NA TABELA DA TRICH\u00ca.<\/strong><\/p>\n<p>Linha Para Costura Dinner 120<br \/>\nLinha utilizada para costuras em tecidos m\u00e9dios e leves, uso geral.<\/p>\n<p>CARACTER\u00cdSTICAS<br \/>\n*100% POLI\u00c9STER<br \/>\n*GRAMATURA 120;<br \/>\n*TEX 28;<br \/>\n*COMPRIMENTO: 1500 JARDAS (1300 METROS)<\/p>\n","protected":false},"excerpt":{"rendered":"<p>ACESSE O LINK ABAIXO PARA TER ACESSO A TABELA DE CORES DA TRICH\u00ca: Cartela-de-cor-site-RGB-01-1-COSTURA (1) &nbsp; ATEN\u00c7\u00c3O! AS CORES APRESENTADAS NA IMAGEM S\u00c3O MERAMENTE ILUSTRATIVAS, CONFIRA<span class=\"excerpt-hellip\"> [\u2026]<\/span><\/p>\n","protected":false},"featured_media":3337,"template":"","meta":[],"product_brand":[],"product_cat":[26],"product_tag":[1334,86,1335],"class_list":{"0":"post-3336","1":"product","2":"type-product","3":"status-publish","4":"has-post-thumbnail","6":"product_cat-linhas-fios","7":"product_tag-dinner","8":"product_tag-linha","9":"product_tag-triche","11":"first","12":"instock","13":"shipping-taxable","14":"purchasable","15":"product-type-variable"},"_links":{"self":[{"href":"https:\/\/www.guigaaviamentos.com.br\/loja\/wp-json\/wp\/v2\/product\/3336","targetHints":{"allow":["GET"]}}],"collection":[{"href":"https:\/\/www.guigaaviamentos.com.br\/loja\/wp-json\/wp\/v2\/product"}],"about":[{"href":"https:\/\/www.guigaaviamentos.com.br\/loja\/wp-json\/wp\/v2\/types\/product"}],"wp:featuredmedia":[{"embeddable":true,"href":"https:\/\/www.guigaaviamentos.com.br\/loja\/wp-json\/wp\/v2\/media\/3337"}],"wp:attachment":[{"href":"https:\/\/www.guigaaviamentos.com.br\/loja\/wp-json\/wp\/v2\/media?parent=3336"}],"wp:term":[{"taxonomy":"product_brand","embeddable":true,"href":"https:\/\/www.guigaaviamentos.com.br\/loja\/wp-json\/wp\/v2\/product_brand?post=3336"},{"taxonomy":"product_cat","embeddable":true,"href":"https:\/\/www.guigaaviamentos.com.br\/loja\/wp-json\/wp\/v2\/product_cat?post=3336"},{"taxonomy":"product_tag","embeddable":true,"href":"https:\/\/www.guigaaviamentos.com.br\/loja\/wp-json\/wp\/v2\/product_tag?post=3336"}],"curies":[{"name":"wp","href":"https:\/\/api.w.org\/{rel}","templated":true}]}}