{"id":3332,"date":"2025-03-26T15:47:31","date_gmt":"2025-03-26T18:47:31","guid":{"rendered":"https:\/\/www.guigaaviamentos.com.br\/loja\/?post_type=product&#038;p=3332"},"modified":"2026-01-27T16:22:17","modified_gmt":"2026-01-27T19:22:17","slug":"linha-de-costura-setta","status":"publish","type":"product","link":"https:\/\/www.guigaaviamentos.com.br\/loja\/produto\/linha-de-costura-setta\/","title":{"rendered":"Linha de Costura &#8211; SETTA"},"content":{"rendered":"<h1 style=\"text-align: center;\"><strong>ACESSE O LINK ABAIXO PARA TER ACESSO A TABELA DE CORES DA SETTA:<\/strong><\/h1>\n<h6 style=\"text-align: center;\"><strong><a href=\"https:\/\/www.guigaaviamentos.com.br\/loja\/wp-content\/uploads\/2025\/03\/ARTE-CARTELA-XIK-POLIESTER_frente_4.pdf\">ARTE-CARTELA-XIK-POLIESTER_frente_4<\/a><\/strong><\/h6>\n<p style=\"text-align: center;\"><strong>ATEN\u00c7\u00c3O! AS CORES APRESENTADAS NA IMAGEM S\u00c3O MERAMENTE ILUSTRATIVAS, CONFIRA O C\u00d3DIGO ESCOLHIDO NA TABELA DA SETTA.<\/strong><\/p>\n<p>Utiliza-se praticamente em costuras de todos os tipos de tecidos m\u00e9dios e leves, e em costuras de moda \u00edntima e linha praia.<\/p>\n<p><strong>A Grife da sua costura<\/strong><br \/>\n<strong>Resist\u00eancia, Beleza e Alto Desempenho<\/strong><\/p>\n<p>As linhas XIK Poliester s\u00e3o produzidas com fios 100% Poli\u00e9ster Fiado da mais alta qualidade e s\u00e3o utilizadas em todo tipo de costura e variados tecidos: pesados, m\u00e9dios e leves.<\/p>\n<p>Caracter\u00edsticas:<\/p>\n<ul>\n<li>Lubrifica\u00e7\u00e3o especial para m\u00e1quinas de alto desempenho.<\/li>\n<li>Regularidade de espessura, tor\u00e7\u00e3o e alongamento.<\/li>\n<li>Aus\u00eancia de imperfei\u00e7\u00f5es.<\/li>\n<li>\u00d3tima solidez e reprodutividade de cores.<\/li>\n<li>V\u00e1rias etiquetas e metragens para a sua melhor condi\u00e7\u00e3o de trabalho.<\/li>\n<li>Grande gama de cores e lan\u00e7amentos semestrais de tend\u00eancias.<\/li>\n<\/ul>\n","protected":false},"excerpt":{"rendered":"<p>ACESSE O LINK ABAIXO PARA TER ACESSO A TABELA DE CORES DA SETTA: ARTE-CARTELA-XIK-POLIESTER_frente_4 ATEN\u00c7\u00c3O! AS CORES APRESENTADAS NA IMAGEM S\u00c3O MERAMENTE ILUSTRATIVAS, CONFIRA O C\u00d3DIGO<span class=\"excerpt-hellip\"> [\u2026]<\/span><\/p>\n","protected":false},"featured_media":3333,"template":"","meta":[],"product_brand":[],"product_cat":[26],"product_tag":[86,1026,1336],"class_list":{"0":"post-3332","1":"product","2":"type-product","3":"status-publish","4":"has-post-thumbnail","6":"product_cat-linhas-fios","7":"product_tag-linha","8":"product_tag-setta","9":"product_tag-xik","11":"first","12":"instock","13":"shipping-taxable","14":"purchasable","15":"product-type-variable"},"_links":{"self":[{"href":"https:\/\/www.guigaaviamentos.com.br\/loja\/wp-json\/wp\/v2\/product\/3332","targetHints":{"allow":["GET"]}}],"collection":[{"href":"https:\/\/www.guigaaviamentos.com.br\/loja\/wp-json\/wp\/v2\/product"}],"about":[{"href":"https:\/\/www.guigaaviamentos.com.br\/loja\/wp-json\/wp\/v2\/types\/product"}],"wp:featuredmedia":[{"embeddable":true,"href":"https:\/\/www.guigaaviamentos.com.br\/loja\/wp-json\/wp\/v2\/media\/3333"}],"wp:attachment":[{"href":"https:\/\/www.guigaaviamentos.com.br\/loja\/wp-json\/wp\/v2\/media?parent=3332"}],"wp:term":[{"taxonomy":"product_brand","embeddable":true,"href":"https:\/\/www.guigaaviamentos.com.br\/loja\/wp-json\/wp\/v2\/product_brand?post=3332"},{"taxonomy":"product_cat","embeddable":true,"href":"https:\/\/www.guigaaviamentos.com.br\/loja\/wp-json\/wp\/v2\/product_cat?post=3332"},{"taxonomy":"product_tag","embeddable":true,"href":"https:\/\/www.guigaaviamentos.com.br\/loja\/wp-json\/wp\/v2\/product_tag?post=3332"}],"curies":[{"name":"wp","href":"https:\/\/api.w.org\/{rel}","templated":true}]}}