{"id":3173,"date":"2021-08-05T16:09:28","date_gmt":"2021-08-05T19:09:28","guid":{"rendered":"https:\/\/www.guigaaviamentos.com.br\/loja\/?post_type=product&#038;p=3173"},"modified":"2026-03-31T13:56:44","modified_gmt":"2026-03-31T16:56:44","slug":"manta-r2-ober-metro","status":"publish","type":"product","link":"https:\/\/www.guigaaviamentos.com.br\/loja\/produto\/manta-r2-ober-metro\/","title":{"rendered":"Manta Acr\u00edlica Resinada R2"},"content":{"rendered":"<p>MANTA ACR\u00cdLICA RESINADA R2 &#8211; MARCA OBER<br \/>\nIDEAL PARA ESTRUTURAR MOCHILAS, CARTEIRAS, NECESSAIRES, LANCHEIRAS, BOLSAS T\u00c9RMICAS, ENTRE DIVERSAS OUTRAS APLICA\u00c7\u00d5ES. A COLA EM AMBOS OS LADOS DA MANTA FACILITA NA HORA DA COSTURA, GARANTIDO QUE O TECIDO FIQUE COM UM ACABAMENTO MARAVILHOSO.<\/p>\n<p>CARACTER\u00cdSTICAS<br \/>\n*GRAMATURA 196G\/M2<br \/>\n*LARGURA 1.50 METROS<br \/>\n*COMPOSI\u00c7\u00c3O 100% POLI\u00c9STER<\/p>\n<p>*POSSUI COLA EM ABOS OS LADOS<\/p>\n<p>*MARCA: OBER<\/p>\n","protected":false},"excerpt":{"rendered":"<p>MANTA ACR\u00cdLICA RESINADA R2 &#8211; MARCA OBER IDEAL PARA ESTRUTURAR MOCHILAS, CARTEIRAS, NECESSAIRES, LANCHEIRAS, BOLSAS T\u00c9RMICAS, ENTRE DIVERSAS OUTRAS APLICA\u00c7\u00d5ES. A COLA EM AMBOS OS LADOS<span class=\"excerpt-hellip\"> [\u2026]<\/span><\/p>\n","protected":false},"featured_media":3174,"template":"","meta":[],"product_brand":[],"product_cat":[80],"product_tag":[1179,991],"class_list":{"0":"post-3173","1":"product","2":"type-product","3":"status-publish","4":"has-post-thumbnail","6":"product_cat-mantas","7":"product_tag-manta-resinada","8":"product_tag-r2-ober","10":"first","11":"instock","12":"shipping-taxable","13":"product-type-simple"},"_links":{"self":[{"href":"https:\/\/www.guigaaviamentos.com.br\/loja\/wp-json\/wp\/v2\/product\/3173","targetHints":{"allow":["GET"]}}],"collection":[{"href":"https:\/\/www.guigaaviamentos.com.br\/loja\/wp-json\/wp\/v2\/product"}],"about":[{"href":"https:\/\/www.guigaaviamentos.com.br\/loja\/wp-json\/wp\/v2\/types\/product"}],"wp:featuredmedia":[{"embeddable":true,"href":"https:\/\/www.guigaaviamentos.com.br\/loja\/wp-json\/wp\/v2\/media\/3174"}],"wp:attachment":[{"href":"https:\/\/www.guigaaviamentos.com.br\/loja\/wp-json\/wp\/v2\/media?parent=3173"}],"wp:term":[{"taxonomy":"product_brand","embeddable":true,"href":"https:\/\/www.guigaaviamentos.com.br\/loja\/wp-json\/wp\/v2\/product_brand?post=3173"},{"taxonomy":"product_cat","embeddable":true,"href":"https:\/\/www.guigaaviamentos.com.br\/loja\/wp-json\/wp\/v2\/product_cat?post=3173"},{"taxonomy":"product_tag","embeddable":true,"href":"https:\/\/www.guigaaviamentos.com.br\/loja\/wp-json\/wp\/v2\/product_tag?post=3173"}],"curies":[{"name":"wp","href":"https:\/\/api.w.org\/{rel}","templated":true}]}}