{"id":3171,"date":"2021-08-05T16:08:46","date_gmt":"2021-08-05T19:08:46","guid":{"rendered":"https:\/\/www.guigaaviamentos.com.br\/loja\/?post_type=product&#038;p=3171"},"modified":"2026-03-31T16:24:01","modified_gmt":"2026-03-31T19:24:01","slug":"manta-etaflon-termica","status":"publish","type":"product","link":"https:\/\/www.guigaaviamentos.com.br\/loja\/produto\/manta-etaflon-termica\/","title":{"rendered":"Manta T\u00e9rmica Etaflon"},"content":{"rendered":"<p>Manta Etaflon \u00e9 uma \u00f3tima op\u00e7\u00e3o para isolamento t\u00e9rmico.\u00a0Ideal para aplica\u00e7\u00e3o em artesanatos, revestimento de lancheiras, garrafas de \u00e1gua, sacolas t\u00e9rmicas, entre outros.<\/p>\n<p>Caracter\u00edsticas<br \/>\n*2 mm espessura<\/p>\n<p>*Largura 1,20 mt<\/p>\n<p>&nbsp;<\/p>\n<p>&nbsp;<\/p>\n","protected":false},"excerpt":{"rendered":"<p>Manta Etaflon \u00e9 uma \u00f3tima op\u00e7\u00e3o para isolamento t\u00e9rmico.\u00a0Ideal para aplica\u00e7\u00e3o em artesanatos, revestimento de lancheiras, garrafas de \u00e1gua, sacolas t\u00e9rmicas, entre outros. Caracter\u00edsticas *2 mm<span class=\"excerpt-hellip\"> [\u2026]<\/span><\/p>\n","protected":false},"featured_media":3172,"template":"","meta":[],"product_brand":[],"product_cat":[80],"product_tag":[989,990,1183],"class_list":{"0":"post-3171","1":"product","2":"type-product","3":"status-publish","4":"has-post-thumbnail","6":"product_cat-mantas","7":"product_tag-etaflon","8":"product_tag-manta-etaflon","9":"product_tag-manta-termica","11":"first","12":"instock","13":"shipping-taxable","14":"product-type-simple"},"_links":{"self":[{"href":"https:\/\/www.guigaaviamentos.com.br\/loja\/wp-json\/wp\/v2\/product\/3171","targetHints":{"allow":["GET"]}}],"collection":[{"href":"https:\/\/www.guigaaviamentos.com.br\/loja\/wp-json\/wp\/v2\/product"}],"about":[{"href":"https:\/\/www.guigaaviamentos.com.br\/loja\/wp-json\/wp\/v2\/types\/product"}],"wp:featuredmedia":[{"embeddable":true,"href":"https:\/\/www.guigaaviamentos.com.br\/loja\/wp-json\/wp\/v2\/media\/3172"}],"wp:attachment":[{"href":"https:\/\/www.guigaaviamentos.com.br\/loja\/wp-json\/wp\/v2\/media?parent=3171"}],"wp:term":[{"taxonomy":"product_brand","embeddable":true,"href":"https:\/\/www.guigaaviamentos.com.br\/loja\/wp-json\/wp\/v2\/product_brand?post=3171"},{"taxonomy":"product_cat","embeddable":true,"href":"https:\/\/www.guigaaviamentos.com.br\/loja\/wp-json\/wp\/v2\/product_cat?post=3171"},{"taxonomy":"product_tag","embeddable":true,"href":"https:\/\/www.guigaaviamentos.com.br\/loja\/wp-json\/wp\/v2\/product_tag?post=3171"}],"curies":[{"name":"wp","href":"https:\/\/api.w.org\/{rel}","templated":true}]}}