{"id":3169,"date":"2021-08-05T16:05:14","date_gmt":"2021-08-05T19:05:14","guid":{"rendered":"https:\/\/www.guigaaviamentos.com.br\/loja\/?post_type=product&#038;p=3169"},"modified":"2026-04-01T10:01:35","modified_gmt":"2026-04-01T13:01:35","slug":"manta-acrilica-gramatura-80","status":"publish","type":"product","link":"https:\/\/www.guigaaviamentos.com.br\/loja\/produto\/manta-acrilica-gramatura-80\/","title":{"rendered":"Manta Acr\u00edlica Siliconada &#8211; Gramatura 100"},"content":{"rendered":"<p>Manta Acr\u00edlica Gramatura 100<\/p>\n<p>Usado para confec\u00e7\u00e3o de blusas, roupas, cal\u00e7as, toucas, filtros de aqu\u00e1rio, sof\u00e1, edredon, almofadas, travesseiros e artesanatos em geral.<\/p>\n<p>Compisi\u00e7\u00e3o: 100% Poli\u00e9ster<\/p>\n<p>Gramatura: 100g\/m2<\/p>\n<p>Altura: 1,40 metro<\/p>\n<p>&nbsp;<\/p>\n","protected":false},"excerpt":{"rendered":"<p>Manta Acr\u00edlica Gramatura 100 Usado para confec\u00e7\u00e3o de blusas, roupas, cal\u00e7as, toucas, filtros de aqu\u00e1rio, sof\u00e1, edredon, almofadas, travesseiros e artesanatos em geral. Compisi\u00e7\u00e3o: 100% Poli\u00e9ster<span class=\"excerpt-hellip\"> [\u2026]<\/span><\/p>\n","protected":false},"featured_media":4111,"template":"","meta":[],"product_brand":[],"product_cat":[986,80],"product_tag":[988,1178],"class_list":{"0":"post-3169","1":"product","2":"type-product","3":"status-publish","4":"has-post-thumbnail","6":"product_cat-enchimento","7":"product_cat-mantas","8":"product_tag-manta-acrilica","9":"product_tag-manta-perlon","11":"first","12":"instock","13":"shipping-taxable","14":"product-type-simple"},"_links":{"self":[{"href":"https:\/\/www.guigaaviamentos.com.br\/loja\/wp-json\/wp\/v2\/product\/3169","targetHints":{"allow":["GET"]}}],"collection":[{"href":"https:\/\/www.guigaaviamentos.com.br\/loja\/wp-json\/wp\/v2\/product"}],"about":[{"href":"https:\/\/www.guigaaviamentos.com.br\/loja\/wp-json\/wp\/v2\/types\/product"}],"wp:featuredmedia":[{"embeddable":true,"href":"https:\/\/www.guigaaviamentos.com.br\/loja\/wp-json\/wp\/v2\/media\/4111"}],"wp:attachment":[{"href":"https:\/\/www.guigaaviamentos.com.br\/loja\/wp-json\/wp\/v2\/media?parent=3169"}],"wp:term":[{"taxonomy":"product_brand","embeddable":true,"href":"https:\/\/www.guigaaviamentos.com.br\/loja\/wp-json\/wp\/v2\/product_brand?post=3169"},{"taxonomy":"product_cat","embeddable":true,"href":"https:\/\/www.guigaaviamentos.com.br\/loja\/wp-json\/wp\/v2\/product_cat?post=3169"},{"taxonomy":"product_tag","embeddable":true,"href":"https:\/\/www.guigaaviamentos.com.br\/loja\/wp-json\/wp\/v2\/product_tag?post=3169"}],"curies":[{"name":"wp","href":"https:\/\/api.w.org\/{rel}","templated":true}]}}