{"id":3166,"date":"2021-08-05T15:58:54","date_gmt":"2021-08-05T18:58:54","guid":{"rendered":"https:\/\/www.guigaaviamentos.com.br\/loja\/?post_type=product&#038;p=3166"},"modified":"2026-03-23T12:05:43","modified_gmt":"2026-03-23T15:05:43","slug":"enchimento-para-almofada-1kg-promocao","status":"publish","type":"product","link":"https:\/\/www.guigaaviamentos.com.br\/loja\/produto\/enchimento-para-almofada-1kg-promocao\/","title":{"rendered":"Enchimento Fibra Siliconada Macia Antial\u00e9rgica 2M"},"content":{"rendered":"<p>**ENCHIMENTO FIBRA SILICONADA ANTIAL\u00c9RGICA**<\/p>\n<p>Utilizada para artesanatos em geral, bonecas, pel\u00facias, travesseiros, almofadas, enfeites e decora\u00e7\u00f5es. Super vers\u00e1til, de toque macio, inodoro e o mais importante ,antial\u00e9rgica.<\/p>\n<p>*****PRODUTO COM QUALIDADE GARANTIDA******<\/p>\n<p>CARACTER\u00cdSTICA<br \/>\n*100% POLI\u00c9STER<br \/>\n*TOQUE MACIO<br \/>\n*ALTA RESILI\u00caNCIA<br \/>\n*N\u00c3O EMBOLA<br \/>\n*ANTIAL\u00c9RGICO<br \/>\n*INODORO<br \/>\n*LAV\u00c1VEL<\/p>\n<p>Marca: 2M<\/p>\n<p>&nbsp;<\/p>\n","protected":false},"excerpt":{"rendered":"<p>**ENCHIMENTO FIBRA SILICONADA ANTIAL\u00c9RGICA** Utilizada para artesanatos em geral, bonecas, pel\u00facias, travesseiros, almofadas, enfeites e decora\u00e7\u00f5es. Super vers\u00e1til, de toque macio, inodoro e o mais importante<span class=\"excerpt-hellip\"> [\u2026]<\/span><\/p>\n","protected":false},"featured_media":4648,"template":"","meta":[],"product_brand":[],"product_cat":[986],"product_tag":[1221,987],"class_list":{"0":"post-3166","1":"product","2":"type-product","3":"status-publish","4":"has-post-thumbnail","6":"product_cat-enchimento","7":"product_tag-2m","8":"product_tag-enchimento","10":"first","11":"instock","12":"shipping-taxable","13":"product-type-simple"},"_links":{"self":[{"href":"https:\/\/www.guigaaviamentos.com.br\/loja\/wp-json\/wp\/v2\/product\/3166","targetHints":{"allow":["GET"]}}],"collection":[{"href":"https:\/\/www.guigaaviamentos.com.br\/loja\/wp-json\/wp\/v2\/product"}],"about":[{"href":"https:\/\/www.guigaaviamentos.com.br\/loja\/wp-json\/wp\/v2\/types\/product"}],"wp:featuredmedia":[{"embeddable":true,"href":"https:\/\/www.guigaaviamentos.com.br\/loja\/wp-json\/wp\/v2\/media\/4648"}],"wp:attachment":[{"href":"https:\/\/www.guigaaviamentos.com.br\/loja\/wp-json\/wp\/v2\/media?parent=3166"}],"wp:term":[{"taxonomy":"product_brand","embeddable":true,"href":"https:\/\/www.guigaaviamentos.com.br\/loja\/wp-json\/wp\/v2\/product_brand?post=3166"},{"taxonomy":"product_cat","embeddable":true,"href":"https:\/\/www.guigaaviamentos.com.br\/loja\/wp-json\/wp\/v2\/product_cat?post=3166"},{"taxonomy":"product_tag","embeddable":true,"href":"https:\/\/www.guigaaviamentos.com.br\/loja\/wp-json\/wp\/v2\/product_tag?post=3166"}],"curies":[{"name":"wp","href":"https:\/\/api.w.org\/{rel}","templated":true}]}}